{"id":226,"date":"2020-10-12T14:10:22","date_gmt":"2020-10-12T19:10:22","guid":{"rendered":"https:\/\/it-capital.com.mx\/en\/?page_id=226"},"modified":"2020-10-12T14:18:53","modified_gmt":"2020-10-12T19:18:53","slug":"elementor-226","status":"publish","type":"page","link":"https:\/\/it-capital.com.mx\/en\/elementor-226\/","title":{"rendered":"Aviso de Privacidad"},"content":{"rendered":"\t\t<div data-elementor-type=\"wp-page\" data-elementor-id=\"226\" class=\"elementor elementor-226\" data-elementor-post-type=\"page\">\n\t\t\t\t\t\t<section class=\"elementor-section elementor-top-section elementor-element elementor-element-cb12025 elementor-section-boxed elementor-section-height-default elementor-section-height-default\" data-id=\"cb12025\" data-element_type=\"section\" data-e-type=\"section\">\n\t\t\t\t\t\t<div class=\"elementor-container elementor-column-gap-default\">\n\t\t\t\t\t<div class=\"elementor-column elementor-col-100 elementor-top-column elementor-element elementor-element-4ac1bce\" data-id=\"4ac1bce\" data-element_type=\"column\" data-e-type=\"column\">\n\t\t\t<div class=\"elementor-widget-wrap elementor-element-populated\">\n\t\t\t\t\t\t<div class=\"elementor-element elementor-element-ec4888d elementor-widget elementor-widget-heading\" data-id=\"ec4888d\" data-element_type=\"widget\" data-e-type=\"widget\" data-widget_type=\"heading.default\">\n\t\t\t\t<div class=\"elementor-widget-container\">\n\t\t\t\t\t<h2 class=\"elementor-heading-title elementor-size-default\">Aviso de Privacidad<\/h2>\t\t\t\t<\/div>\n\t\t\t\t<\/div>\n\t\t\t\t<div class=\"elementor-element elementor-element-842c17f elementor-widget elementor-widget-text-editor\" data-id=\"842c17f\" data-element_type=\"widget\" data-e-type=\"widget\" data-widget_type=\"text-editor.default\">\n\t\t\t\t<div class=\"elementor-widget-container\">\n\t\t\t\t\t\t\t\t\t<p id=\"u14168-2\">El presente Aviso de Privacidad se expide en cumplimiento de la Ley Federal de Protecci\u00f3n de Datos Personales en Posesi\u00f3n de los Particulares, publicada en el Diario Oficial de la Federaci\u00f3n, el 5 de julio de 2010, y que entr\u00f3 en vigor el 6 de julio de 2011 (la \u201cLey\u201d).<\/p><p id=\"u14168-2\"><span style=\"font-size: inherit; text-align: inherit; font-family: 'Inter var', -apple-system, BlinkMacSystemFont, 'Helvetica Neue', Helvetica, sans-serif; letter-spacing: -0.015em;\">IT CAPITAL (\u201cIT Capital\u201d) es el responsable de los datos personales que usted haya proporcionado y proporcione en cualquier tiempo a ITCapital (los \u201cDatos Personales\u201d).<\/span><\/p><p id=\"u14168-2\"><span style=\"font-size: inherit; text-align: inherit; font-family: 'Inter var', -apple-system, BlinkMacSystemFont, 'Helvetica Neue', Helvetica, sans-serif; letter-spacing: -0.015em;\">IT Capital har\u00e1 uso de los Datos Personales \u00fanica y exclusivamente en relaci\u00f3n con cualesquier\u00a0<\/span><span style=\"font-size: inherit; text-align: inherit; font-family: 'Inter var', -apple-system, BlinkMacSystemFont, 'Helvetica Neue', Helvetica, sans-serif; letter-spacing: -0.015em;\">financiamientos que esta \u00faltima le haya otorgado o le otorgue en el futuro.<\/span><\/p><p id=\"u14168-2\"><span style=\"font-size: inherit; text-align: inherit; font-family: 'Inter var', -apple-system, BlinkMacSystemFont, 'Helvetica Neue', Helvetica, sans-serif; letter-spacing: -0.015em;\">A efecto de manejar y mantener la seguridad de los Datos Personales, as\u00ed como limitar el uso o divulgaci\u00f3n de los mismos, IT Capital adoptar\u00e1 por lo menos las mismas medidas que utiliza para su propia informaci\u00f3n y tomar\u00e1 en cuenta cualesquier riesgos existentes, las posibles consecuencias, la sensibilidad de dichos Datos\u00a0<\/span><span style=\"font-size: inherit; text-align: inherit; font-family: 'Inter var', -apple-system, BlinkMacSystemFont, 'Helvetica Neue', Helvetica, sans-serif; letter-spacing: -0.015em;\">Personales y el desarrollo tecnol\u00f3gico.<\/span><\/p><p id=\"u14168-2\"><span style=\"font-size: inherit; text-align: inherit; font-family: 'Inter var', -apple-system, BlinkMacSystemFont, 'Helvetica Neue', Helvetica, sans-serif; letter-spacing: -0.015em;\">Usted podr\u00e1 ejercer, en cualquier momento, los derechos de acceso, rectificaci\u00f3n, cancelaci\u00f3n y oposici\u00f3n previstos en la Ley y que consisten en lo siguiente:<\/span><\/p><p id=\"u14168-21\">\u00a0<\/p><p id=\"u14168-23\">&#8211; Acceso a sus Datos Personales en poder de IT Capital.<\/p><p id=\"u14168-24\">\u00a0<\/p><p id=\"u14168-26\">&#8211; Derecho a rectificar dichos Datos Personales cuando sean inexactos o incompletos.<\/p><p id=\"u14168-27\">\u00a0<\/p><p id=\"u14168-29\">&#8211; Derecho a cancelar los Datos Personales en poder de IT Capital.<\/p><p id=\"u14168-30\">\u00a0<\/p><p id=\"u14168-32\">&#8211; Derecho a oponerse en todo momento y por causa leg\u00edtima al tratamiento de sus Datos<\/p><p id=\"u14168-33\">\u00a0<\/p><p id=\"u14168-35\">&#8211; Personales, en el entendido de que por \u201ctratamiento\u201d se entender\u00e1 la obtenci\u00f3n, uso, acceso, manejo, aprovechamiento, transferencia, disposici\u00f3n, divulgaci\u00f3n o almacenamiento de los mismos.<\/p><p id=\"u14168-35\"><span style=\"font-size: inherit; text-align: inherit; font-family: 'Inter var', -apple-system, BlinkMacSystemFont, 'Helvetica Neue', Helvetica, sans-serif; letter-spacing: -0.015em;\">Para efectos de ejercer los derechos antes mencionados, bastar\u00e1 con que env\u00ede a IT Capital una solicitud por escrito, incluyendo los siguientes datos:<\/span><\/p><p id=\"u14168-39\">\u00a0<\/p><p id=\"u14168-41\">&#8211; Su nombre y domicilio completo.<\/p><p id=\"u14168-42\">\u00a0<\/p><p id=\"u14168-44\">&#8211; Copia de su identificaci\u00f3n oficial.<\/p><p id=\"u14168-45\">\u00a0<\/p><p id=\"u14168-47\">&#8211; Descripci\u00f3n clara y precisa de los Datos Personales respecto de los que busca ejercer sus derechos y modificaciones a realizarse, en su caso.<\/p><p id=\"u14168-48\">\u00a0<\/p><p id=\"u14168-50\">&#8211; Cualquier otro elemento o documento que pueda facilitar a IT Capital la localizaci\u00f3n de sus Datos Personales.<\/p><p id=\"u14168-51\">\u00a0<\/p><p id=\"u14168-53\">IT Capital contar\u00e1 con un plazo m\u00e1ximo de 20 (veinte) d\u00edas, contados a partir de la fecha en que haya recibido la solicitud antes se\u00f1alada, para informarle si resulta procedente, en cuyo caso, se har\u00e1 efectiva dentro de los 15 (quince) d\u00edas siguientes. En caso de ser negada, IT Capital le informar\u00e1 el motivo de dicha decisi\u00f3n respecto a la Ley y sus disposiciones vigentes.<\/p><p id=\"u14168-53\"><span style=\"font-size: inherit; text-align: inherit; font-family: 'Inter var', -apple-system, BlinkMacSystemFont, 'Helvetica Neue', Helvetica, sans-serif; letter-spacing: -0.015em;\">En relaci\u00f3n con la transmisi\u00f3n de sus Datos Personales por parte de IT Capital a cualquier tercero, se entiende que usted est\u00e1 de acuerdo con la misma, en caso de que no manifieste oposici\u00f3n alguna al presente Aviso de Privacidad dentro de los 3 (tres) d\u00edas siguientes a la recepci\u00f3n del mismo. En todo caso, IT Capital comunicar\u00e1 al tercero en cuesti\u00f3n el presente Aviso de Privacidad y las finalidades a las que queda sujeto el tratamiento de sus Datos Personales, debiendo dicho tercero asumir las mismas obligaciones que corresponden a IT Capital sobre dichos Datos Personales. Lo anterior, en el entendido de que IT Capital podr\u00e1 realizar la transferencia nacional o internacional de Datos Personales sin su consentimiento, en los siguientes casos:<\/span><\/p><p id=\"u14168-57\">\u00a0<\/p><p id=\"u14168-59\">&#8211; Cuando la transferencia est\u00e9 prevista en una ley o tratado en el que M\u00e9xico sea parte.<\/p><p id=\"u14168-60\">\u00a0<\/p><p id=\"u14168-62\">&#8211; Cuando la transferencia sea necesaria para la prevenci\u00f3n o el diagn\u00f3stico m\u00e9dico, la prestaci\u00f3n de asistencia sanitaria, tratamiento m\u00e9dico o la gesti\u00f3n de servicios sanitarios.<\/p><p id=\"u14168-63\">\u00a0<\/p><p id=\"u14168-65\">&#8211; Cuando la transferencia sea efectuada a sociedades relacionadas con IT Capital, siempre y cuando las mismas operen bajo los mismos procesos y pol\u00edticas internas.<\/p><p id=\"u14168-66\">\u00a0<\/p><p id=\"u14168-68\">&#8211; Cuando la transferencia sea necesaria bajo un contrato celebrado o celebrado en inter\u00e9s de usted.<\/p><p id=\"u14168-69\">\u00a0<\/p><p id=\"u14168-71\">&#8211; Cuando la transferencia sea necesaria o legalmente exigida para la salvaguarda de un inter\u00e9s p\u00fablico, o para la procuraci\u00f3n o administraci\u00f3n de justicia.<\/p><p id=\"u14168-72\">\u00a0<\/p><p id=\"u14168-74\">&#8211; Cuando la transferencia sea precisa para el reconocimiento, ejercicio o defensa de un derecho en un proceso judicial.<\/p><p id=\"u14168-75\">\u00a0<\/p><p id=\"u14168-77\">&#8211; Cuando la transferencia sea precisa para el mantenimiento o cumplimiento de una relaci\u00f3n jur\u00eddica entre usted e IT Capital.<\/p><p id=\"u14168-77\"><span style=\"font-size: inherit; text-align: inherit; font-family: 'Inter var', -apple-system, BlinkMacSystemFont, 'Helvetica Neue', Helvetica, sans-serif; letter-spacing: -0.015em;\">En caso de cualquier cambio al presente Aviso de Privacidad, IT Capital se lo har\u00e1 saber por este mismo medio y, en internet, a trav\u00e9s de la p\u00e1gina www.it-capital.com.mx<\/span><\/p><p id=\"u14168-77\"><span style=\"font-size: inherit; text-align: inherit; font-family: 'Inter var', -apple-system, BlinkMacSystemFont, 'Helvetica Neue', Helvetica, sans-serif; letter-spacing: -0.015em;\">Y F\u00edsicamente en el Domicilio: Calle Amado Nervo #1930 Col. Polanco, San Luis Potos\u00ed, S.L.P.<\/span><\/p>\t\t\t\t\t\t\t\t<\/div>\n\t\t\t\t<\/div>\n\t\t\t\t\t<\/div>\n\t\t<\/div>\n\t\t\t\t\t<\/div>\n\t\t<\/section>\n\t\t\t\t<\/div>\n\t\t","protected":false},"excerpt":{"rendered":"<p>Aviso de Privacidad El presente Aviso de Privacidad se expide en cumplimiento de la Ley Federal de Protecci\u00f3n de Datos Personales en Posesi\u00f3n de los Particulares, publicada en el Diario Oficial de la Federaci\u00f3n, el 5 de julio de 2010, y que entr\u00f3 en vigor el 6 de julio de 2011 (la \u201cLey\u201d). IT CAPITAL [&hellip;]<\/p>\n","protected":false},"author":6,"featured_media":0,"parent":0,"menu_order":0,"comment_status":"closed","ping_status":"closed","template":"elementor_header_footer","meta":{"footnotes":""},"class_list":["post-226","page","type-page","status-publish","hentry"],"_links":{"self":[{"href":"https:\/\/it-capital.com.mx\/en\/wp-json\/wp\/v2\/pages\/226","targetHints":{"allow":["GET"]}}],"collection":[{"href":"https:\/\/it-capital.com.mx\/en\/wp-json\/wp\/v2\/pages"}],"about":[{"href":"https:\/\/it-capital.com.mx\/en\/wp-json\/wp\/v2\/types\/page"}],"author":[{"embeddable":true,"href":"https:\/\/it-capital.com.mx\/en\/wp-json\/wp\/v2\/users\/6"}],"replies":[{"embeddable":true,"href":"https:\/\/it-capital.com.mx\/en\/wp-json\/wp\/v2\/comments?post=226"}],"version-history":[{"count":5,"href":"https:\/\/it-capital.com.mx\/en\/wp-json\/wp\/v2\/pages\/226\/revisions"}],"predecessor-version":[{"id":237,"href":"https:\/\/it-capital.com.mx\/en\/wp-json\/wp\/v2\/pages\/226\/revisions\/237"}],"wp:attachment":[{"href":"https:\/\/it-capital.com.mx\/en\/wp-json\/wp\/v2\/media?parent=226"}],"curies":[{"name":"wp","href":"https:\/\/api.w.org\/{rel}","templated":true}]}}