{"id":299,"date":"2020-10-21T16:11:00","date_gmt":"2020-10-21T21:11:00","guid":{"rendered":"https:\/\/it-capital.com.mx\/en\/?page_id=299"},"modified":"2022-01-11T16:56:35","modified_gmt":"2022-01-11T22:56:35","slug":"factoraje","status":"publish","type":"page","link":"https:\/\/it-capital.com.mx\/en\/factoraje\/","title":{"rendered":"Factoraje Nacional e Internacional"},"content":{"rendered":"\t\t<div data-elementor-type=\"wp-page\" data-elementor-id=\"299\" class=\"elementor elementor-299\" data-elementor-post-type=\"page\">\n\t\t\t\t\t\t<section class=\"elementor-section elementor-top-section elementor-element elementor-element-68915db5 elementor-section-content-middle elementor-section-full_width elementor-section-height-min-height elementor-section-height-default elementor-section-items-middle\" data-id=\"68915db5\" data-element_type=\"section\" data-e-type=\"section\" data-settings=\"{&quot;background_background&quot;:&quot;classic&quot;}\">\n\t\t\t\t\t\t\t<div class=\"elementor-background-overlay\"><\/div>\n\t\t\t\t\t\t\t<div class=\"elementor-container elementor-column-gap-no\">\n\t\t\t\t\t<div class=\"elementor-column elementor-col-100 elementor-top-column elementor-element elementor-element-d0e51a9\" data-id=\"d0e51a9\" data-element_type=\"column\" data-e-type=\"column\">\n\t\t\t<div class=\"elementor-widget-wrap elementor-element-populated\">\n\t\t\t\t\t\t<div class=\"elementor-element elementor-element-10f943c elementor-widget elementor-widget-image\" data-id=\"10f943c\" data-element_type=\"widget\" data-e-type=\"widget\" data-widget_type=\"image.default\">\n\t\t\t\t<div class=\"elementor-widget-container\">\n\t\t\t\t\t\t\t\t\t\t\t\t\t\t\t<img fetchpriority=\"high\" decoding=\"async\" width=\"1280\" height=\"719\" src=\"https:\/\/it-capital.com.mx\/en\/wp-content\/uploads\/2022\/01\/int.jpeg\" class=\"attachment-full size-full wp-image-1387\" alt=\"\" srcset=\"https:\/\/it-capital.com.mx\/en\/wp-content\/uploads\/2022\/01\/int.jpeg 1280w, https:\/\/it-capital.com.mx\/en\/wp-content\/uploads\/2022\/01\/int-300x169.jpeg 300w, https:\/\/it-capital.com.mx\/en\/wp-content\/uploads\/2022\/01\/int-1024x575.jpeg 1024w, https:\/\/it-capital.com.mx\/en\/wp-content\/uploads\/2022\/01\/int-768x431.jpeg 768w, https:\/\/it-capital.com.mx\/en\/wp-content\/uploads\/2022\/01\/int-1200x674.jpeg 1200w\" sizes=\"(max-width: 1280px) 100vw, 1280px\" \/>\t\t\t\t\t\t\t\t\t\t\t\t\t\t\t<\/div>\n\t\t\t\t<\/div>\n\t\t\t\t\t<\/div>\n\t\t<\/div>\n\t\t\t\t\t<\/div>\n\t\t<\/section>\n\t\t\t\t<section class=\"elementor-section elementor-top-section elementor-element elementor-element-1bc7ad8b elementor-section-content-middle elementor-section-boxed elementor-section-height-default elementor-section-height-default\" data-id=\"1bc7ad8b\" data-element_type=\"section\" data-e-type=\"section\" data-settings=\"{&quot;background_background&quot;:&quot;classic&quot;}\">\n\t\t\t\t\t\t<div class=\"elementor-container elementor-column-gap-no\">\n\t\t\t\t\t<div class=\"elementor-column elementor-col-100 elementor-top-column elementor-element elementor-element-289dc6f3\" data-id=\"289dc6f3\" data-element_type=\"column\" data-e-type=\"column\">\n\t\t\t<div class=\"elementor-widget-wrap elementor-element-populated\">\n\t\t\t\t\t\t<div class=\"elementor-element elementor-element-5e5e4e0 elementor-widget elementor-widget-heading\" data-id=\"5e5e4e0\" data-element_type=\"widget\" data-e-type=\"widget\" data-widget_type=\"heading.default\">\n\t\t\t\t<div class=\"elementor-widget-container\">\n\t\t\t\t\t<h2 class=\"elementor-heading-title elementor-size-default\">Objetivo<\/h2>\t\t\t\t<\/div>\n\t\t\t\t<\/div>\n\t\t\t\t<div class=\"elementor-element elementor-element-c6d7fb0 elementor-widget elementor-widget-text-editor\" data-id=\"c6d7fb0\" data-element_type=\"widget\" data-e-type=\"widget\" data-widget_type=\"text-editor.default\">\n\t\t\t\t<div class=\"elementor-widget-container\">\n\t\t\t\t\t\t\t\t\t<p><b>FACTORAJE PARA CLIENTES NACIONALES O EXTRANJEROS.<br \/><\/b>Es un mecanismo de financiamiento de corto plazo para empresas que funcionan bajo contrato con empresas privadas (Personas Morales) en M\u00e9xico y el extranjero (consulta nuestros destinos) y Gobierno de los tres niveles adelantando sus cuentas por cobrar cuando sus ventas las realizan a cr\u00e9dito para evitar perder liquidez por vender a cr\u00e9dito a sus clientes a 30, 60, 90 hasta 120 d\u00edas, puede cobrar usted al cliente y pagarnos (Cobranza delegada) o permitir que nosotros cobremos por usted (Cobranza directa).<\/p>\t\t\t\t\t\t\t\t<\/div>\n\t\t\t\t<\/div>\n\t\t\t\t<div class=\"elementor-element elementor-element-ea2e0b7 elementor-widget elementor-widget-text-editor\" data-id=\"ea2e0b7\" data-element_type=\"widget\" data-e-type=\"widget\" data-widget_type=\"text-editor.default\">\n\t\t\t\t<div class=\"elementor-widget-container\">\n\t\t\t\t\t\t\t\t\t<p><b>FACTORAJE A PROVEEDORES NACIONALES O EXTRANJEROS.<br \/><\/b>Es un mecanismo para pagar anticipadamente sus cuentas por pagar con sus proveedores cuando usted recibe cr\u00e9dito de ellos para aumentar su calificaci\u00f3n de pago, evitar atrasos o suspensi\u00f3n temporal de abastecimiento por pagos extempor\u00e1neos permiti\u00e9ndose pagar a tiempo a su proveedor y obteniendo tiempo para pagarnos sus facturas de proveedur\u00eda. Que segmentos abarca: Todos incluyendo actividades especializadas.<\/p>\t\t\t\t\t\t\t\t<\/div>\n\t\t\t\t<\/div>\n\t\t\t\t<div class=\"elementor-element elementor-element-71acf041 elementor-widget elementor-widget-toggle\" data-id=\"71acf041\" data-element_type=\"widget\" data-e-type=\"widget\" data-widget_type=\"toggle.default\">\n\t\t\t\t<div class=\"elementor-widget-container\">\n\t\t\t\t\t\t\t<div class=\"elementor-toggle\">\n\t\t\t\t\t\t\t<div class=\"elementor-toggle-item\">\n\t\t\t\t\t<div id=\"elementor-tab-title-1901\" class=\"elementor-tab-title\" data-tab=\"1\" role=\"button\" aria-controls=\"elementor-tab-content-1901\" aria-expanded=\"false\">\n\t\t\t\t\t\t\t\t\t\t\t\t<span class=\"elementor-toggle-icon elementor-toggle-icon-right\" aria-hidden=\"true\">\n\t\t\t\t\t\t\t\t\t\t\t\t\t\t\t<span class=\"elementor-toggle-icon-closed\"><i class=\"fas fa-caret-right\"><\/i><\/span>\n\t\t\t\t\t\t\t\t<span class=\"elementor-toggle-icon-opened\"><i class=\"elementor-toggle-icon-opened fas fa-caret-up\"><\/i><\/span>\n\t\t\t\t\t\t\t\t\t\t\t\t\t<\/span>\n\t\t\t\t\t\t\t\t\t\t\t\t<a class=\"elementor-toggle-title\" tabindex=\"0\">Requisitos<\/a>\n\t\t\t\t\t<\/div>\n\n\t\t\t\t\t<div id=\"elementor-tab-content-1901\" class=\"elementor-tab-content elementor-clearfix\" data-tab=\"1\" role=\"region\" aria-labelledby=\"elementor-tab-title-1901\"><p>1. Ser Persona F\u00edsica con Actividad Empresarial (PFAE) o Persona Moral (Empresa), que venda a personas morales o gobierno.<\/p><p>2. Experiencia en la actividad de 2 a\u00f1os (an\u00e1lisis a empresas con menor tiempo sobre proyecto).<\/p><p>3. Empresas con ingresos superiores a $ 13\u00b4 500, 000 pesos anuales o PFAE con ingresos superiores a $ 7\u00b4 600, 000 pesos anuales.<\/p><\/div>\n\t\t\t\t<\/div>\n\t\t\t\t\t\t\t<div class=\"elementor-toggle-item\">\n\t\t\t\t\t<div id=\"elementor-tab-title-1902\" class=\"elementor-tab-title\" data-tab=\"2\" role=\"button\" aria-controls=\"elementor-tab-content-1902\" aria-expanded=\"false\">\n\t\t\t\t\t\t\t\t\t\t\t\t<span class=\"elementor-toggle-icon elementor-toggle-icon-right\" aria-hidden=\"true\">\n\t\t\t\t\t\t\t\t\t\t\t\t\t\t\t<span class=\"elementor-toggle-icon-closed\"><i class=\"fas fa-caret-right\"><\/i><\/span>\n\t\t\t\t\t\t\t\t<span class=\"elementor-toggle-icon-opened\"><i class=\"elementor-toggle-icon-opened fas fa-caret-up\"><\/i><\/span>\n\t\t\t\t\t\t\t\t\t\t\t\t\t<\/span>\n\t\t\t\t\t\t\t\t\t\t\t\t<a class=\"elementor-toggle-title\" tabindex=\"0\">Caracter\u00edsticas<\/a>\n\t\t\t\t\t<\/div>\n\n\t\t\t\t\t<div id=\"elementor-tab-content-1902\" class=\"elementor-tab-content elementor-clearfix\" data-tab=\"2\" role=\"region\" aria-labelledby=\"elementor-tab-title-1902\"><p>Monto: Desde $1, 500, 000 hasta $45\u00b4000,000 de pesos (si es mayor el monto se pedir\u00e1 proyecto de inversi\u00f3n).<\/p><p>Plazo: 30, 60, 90, o 120 d\u00edas (Plazos mayores seg\u00fan an\u00e1lisis de proyecto).<\/p><p>Pagos: 30, 60, 90, o 120 d\u00edas (Plazos mayores seg\u00fan an\u00e1lisis de proyecto).<\/p><p>Comisi\u00f3n por apertura: 2% por \u00fanica ocasi\u00f3n (Renovaci\u00f3n anual del contrato de factoraje).<\/p><p>Desde el 70% Hasta el 90% del valor factura m\u00e1s IVA.<\/p><p>Para objetivos de: infraestructura, necesidades de capital de trabajo, reestructura de pasivos, o abastecimiento de productos y servicios definidos, producto hecho a la medida seg\u00fan necesidades de su proyecto.<\/p><p>No se clasificar\u00e1 como pasivo financiero.<\/p><\/div>\n\t\t\t\t<\/div>\n\t\t\t\t\t\t\t<div class=\"elementor-toggle-item\">\n\t\t\t\t\t<div id=\"elementor-tab-title-1903\" class=\"elementor-tab-title\" data-tab=\"3\" role=\"button\" aria-controls=\"elementor-tab-content-1903\" aria-expanded=\"false\">\n\t\t\t\t\t\t\t\t\t\t\t\t<span class=\"elementor-toggle-icon elementor-toggle-icon-right\" aria-hidden=\"true\">\n\t\t\t\t\t\t\t\t\t\t\t\t\t\t\t<span class=\"elementor-toggle-icon-closed\"><i class=\"fas fa-caret-right\"><\/i><\/span>\n\t\t\t\t\t\t\t\t<span class=\"elementor-toggle-icon-opened\"><i class=\"elementor-toggle-icon-opened fas fa-caret-up\"><\/i><\/span>\n\t\t\t\t\t\t\t\t\t\t\t\t\t<\/span>\n\t\t\t\t\t\t\t\t\t\t\t\t<a class=\"elementor-toggle-title\" tabindex=\"0\">Tasa de Inter\u00e9s<\/a>\n\t\t\t\t\t<\/div>\n\n\t\t\t\t\t<div id=\"elementor-tab-content-1903\" class=\"elementor-tab-content elementor-clearfix\" data-tab=\"3\" role=\"region\" aria-labelledby=\"elementor-tab-title-1903\"><p>TASA FACTORAJE CLIENTES O PROVEEDORES NACIONALES:<\/p><p>De 0.87% a 2.25% fija por disposici\u00f3n por cada 30 d\u00edas de utilizar la l\u00ednea (Ejemplo: Tasa x 3 meses que se utilizar\u00e1 la l\u00ednea hasta cobrar al cliente).<\/p><p>TASA FACTORAJE CLIENTES EN EL EXTRANJERO:<\/p><p>De 0.53% a 1.53% fija por disposici\u00f3n por cada 30 d\u00edas de utilizar la l\u00ednea (Ejemplo: Tasa x 3 meses que se utilizar\u00e1 la l\u00ednea hasta cobrar al cliente).<\/p><\/div>\n\t\t\t\t<\/div>\n\t\t\t\t\t\t\t<div class=\"elementor-toggle-item\">\n\t\t\t\t\t<div id=\"elementor-tab-title-1904\" class=\"elementor-tab-title\" data-tab=\"4\" role=\"button\" aria-controls=\"elementor-tab-content-1904\" aria-expanded=\"false\">\n\t\t\t\t\t\t\t\t\t\t\t\t<span class=\"elementor-toggle-icon elementor-toggle-icon-right\" aria-hidden=\"true\">\n\t\t\t\t\t\t\t\t\t\t\t\t\t\t\t<span class=\"elementor-toggle-icon-closed\"><i class=\"fas fa-caret-right\"><\/i><\/span>\n\t\t\t\t\t\t\t\t<span class=\"elementor-toggle-icon-opened\"><i class=\"elementor-toggle-icon-opened fas fa-caret-up\"><\/i><\/span>\n\t\t\t\t\t\t\t\t\t\t\t\t\t<\/span>\n\t\t\t\t\t\t\t\t\t\t\t\t<a class=\"elementor-toggle-title\" tabindex=\"0\">Tiempo de Entrega<\/a>\n\t\t\t\t\t<\/div>\n\n\t\t\t\t\t<div id=\"elementor-tab-content-1904\" class=\"elementor-tab-content elementor-clearfix\" data-tab=\"4\" role=\"region\" aria-labelledby=\"elementor-tab-title-1904\"><p>Con la documentaci\u00f3n completa 25 d\u00edas h\u00e1biles para autorizaci\u00f3n, 2 d\u00edas para formalizar y 2 d\u00edas para ministraci\u00f3n<\/p><\/div>\n\t\t\t\t<\/div>\n\t\t\t\t\t\t\t<div class=\"elementor-toggle-item\">\n\t\t\t\t\t<div id=\"elementor-tab-title-1905\" class=\"elementor-tab-title\" data-tab=\"5\" role=\"button\" aria-controls=\"elementor-tab-content-1905\" aria-expanded=\"false\">\n\t\t\t\t\t\t\t\t\t\t\t\t<span class=\"elementor-toggle-icon elementor-toggle-icon-right\" aria-hidden=\"true\">\n\t\t\t\t\t\t\t\t\t\t\t\t\t\t\t<span class=\"elementor-toggle-icon-closed\"><i class=\"fas fa-caret-right\"><\/i><\/span>\n\t\t\t\t\t\t\t\t<span class=\"elementor-toggle-icon-opened\"><i class=\"elementor-toggle-icon-opened fas fa-caret-up\"><\/i><\/span>\n\t\t\t\t\t\t\t\t\t\t\t\t\t<\/span>\n\t\t\t\t\t\t\t\t\t\t\t\t<a class=\"elementor-toggle-title\" tabindex=\"0\">Garant\u00edas<\/a>\n\t\t\t\t\t<\/div>\n\n\t\t\t\t\t<div id=\"elementor-tab-content-1905\" class=\"elementor-tab-content elementor-clearfix\" data-tab=\"5\" role=\"region\" aria-labelledby=\"elementor-tab-title-1905\"><p>Las propias del factoraje (Contratos y facturas nacionales o en el extranjero).<\/p><p>Propuesta de Aval con garant\u00edas libres de gravamen (solo se grava si el riesgo es alto).<\/p><p>Garant\u00edas adicionales como derechos de cobro especiales sobre contratos u otros.<\/p><p>Proceso Factoraje Internacional (exportador).<\/p><p>Evaluaci\u00f3n crediticia y cobertura de riesgo al Exportador: El Factoring Importador (IF) responde por el 100% de la cobertura asignada a un determinado cliente ante la insolvencia financiera del mismo, esto es, que se encuentre imposibilitado financieramente de cumplir con sus compromisos. El pago bajo garant\u00eda se realiza 90 d\u00edas despu\u00e9s del vencimiento de la factura.<\/p><p>La administraci\u00f3n de las cuentas por cobrar: Este servicio representa no solo un beneficio para el Exportador desde el punto de vista operacional, quien optimiza sus recursos administrativos, sino que tambi\u00e9n lo es para el importador, quien paga bajo las modalidades propias de su pa\u00eds.<\/p><p>El financiamiento: El financiamiento post-embarque por el 90% de la factura, se realiza en cualquier momento y bajo las condiciones que se han pactado para cada deudor. El saldo del documento se entera una vez que este ha sido cobrado.<\/p><\/div>\n\t\t\t\t<\/div>\n\t\t\t\t\t\t\t<div class=\"elementor-toggle-item\">\n\t\t\t\t\t<div id=\"elementor-tab-title-1906\" class=\"elementor-tab-title\" data-tab=\"6\" role=\"button\" aria-controls=\"elementor-tab-content-1906\" aria-expanded=\"false\">\n\t\t\t\t\t\t\t\t\t\t\t\t<span class=\"elementor-toggle-icon elementor-toggle-icon-right\" aria-hidden=\"true\">\n\t\t\t\t\t\t\t\t\t\t\t\t\t\t\t<span class=\"elementor-toggle-icon-closed\"><i class=\"fas fa-caret-right\"><\/i><\/span>\n\t\t\t\t\t\t\t\t<span class=\"elementor-toggle-icon-opened\"><i class=\"elementor-toggle-icon-opened fas fa-caret-up\"><\/i><\/span>\n\t\t\t\t\t\t\t\t\t\t\t\t\t<\/span>\n\t\t\t\t\t\t\t\t\t\t\t\t<a class=\"elementor-toggle-title\" tabindex=\"0\">Segmentos<\/a>\n\t\t\t\t\t<\/div>\n\n\t\t\t\t\t<div id=\"elementor-tab-content-1906\" class=\"elementor-tab-content elementor-clearfix\" data-tab=\"6\" role=\"region\" aria-labelledby=\"elementor-tab-title-1906\"><p>Industrial, Transporte, Comercio y Servicios, Construcci\u00f3n, Agricultura, Ganader\u00eda, Acuacultura, Artesanal.<\/p><p>Proyectos para actividades especializadas como miner\u00eda u otros.<\/p><\/div>\n\t\t\t\t<\/div>\n\t\t\t\t\t\t\t\t<\/div>\n\t\t\t\t\t\t<\/div>\n\t\t\t\t<\/div>\n\t\t\t\t\t<\/div>\n\t\t<\/div>\n\t\t\t\t\t<\/div>\n\t\t<\/section>\n\t\t\t\t<section class=\"elementor-section elementor-top-section elementor-element elementor-element-c22bb22 elementor-section-content-middle elementor-section-full_width elementor-section-height-min-height elementor-section-height-default elementor-section-items-middle\" data-id=\"c22bb22\" data-element_type=\"section\" data-e-type=\"section\" data-settings=\"{&quot;background_background&quot;:&quot;classic&quot;}\">\n\t\t\t\t\t\t<div class=\"elementor-container elementor-column-gap-no\">\n\t\t\t\t\t<div class=\"elementor-column elementor-col-20 elementor-top-column elementor-element elementor-element-bc5a9f5\" data-id=\"bc5a9f5\" data-element_type=\"column\" data-e-type=\"column\">\n\t\t\t<div class=\"elementor-widget-wrap elementor-element-populated\">\n\t\t\t\t\t\t<div class=\"elementor-element elementor-element-8119a3f elementor-widget elementor-widget-image\" data-id=\"8119a3f\" data-element_type=\"widget\" data-e-type=\"widget\" data-widget_type=\"image.default\">\n\t\t\t\t<div class=\"elementor-widget-container\">\n\t\t\t\t\t\t\t\t\t\t\t\t\t\t\t\t<a href=\"https:\/\/it-capital.com.mx\/en\/factoraje\/\">\n\t\t\t\t\t\t\t<img decoding=\"async\" width=\"600\" height=\"400\" src=\"https:\/\/it-capital.com.mx\/en\/wp-content\/uploads\/2021\/01\/factoring_purple.jpg\" class=\"attachment-full size-full wp-image-1239\" alt=\"\" srcset=\"https:\/\/it-capital.com.mx\/en\/wp-content\/uploads\/2021\/01\/factoring_purple.jpg 600w, https:\/\/it-capital.com.mx\/en\/wp-content\/uploads\/2021\/01\/factoring_purple-300x200.jpg 300w\" sizes=\"(max-width: 600px) 100vw, 600px\" \/>\t\t\t\t\t\t\t\t<\/a>\n\t\t\t\t\t\t\t\t\t\t\t\t\t\t\t<\/div>\n\t\t\t\t<\/div>\n\t\t\t\t\t<\/div>\n\t\t<\/div>\n\t\t\t\t<div class=\"elementor-column elementor-col-20 elementor-top-column elementor-element elementor-element-8c9c436\" data-id=\"8c9c436\" data-element_type=\"column\" data-e-type=\"column\">\n\t\t\t<div class=\"elementor-widget-wrap elementor-element-populated\">\n\t\t\t\t\t\t<div class=\"elementor-element elementor-element-fd87a1e elementor-widget elementor-widget-image\" data-id=\"fd87a1e\" data-element_type=\"widget\" data-e-type=\"widget\" data-widget_type=\"image.default\">\n\t\t\t\t<div class=\"elementor-widget-container\">\n\t\t\t\t\t\t\t\t\t\t\t\t\t\t\t\t<a href=\"https:\/\/it-capital.com.mx\/en\/adelanto-contratos\/\">\n\t\t\t\t\t\t\t<img decoding=\"async\" width=\"600\" height=\"400\" src=\"https:\/\/it-capital.com.mx\/en\/wp-content\/uploads\/2021\/01\/factoring_green.jpg\" class=\"attachment-full size-full wp-image-1238\" alt=\"\" srcset=\"https:\/\/it-capital.com.mx\/en\/wp-content\/uploads\/2021\/01\/factoring_green.jpg 600w, https:\/\/it-capital.com.mx\/en\/wp-content\/uploads\/2021\/01\/factoring_green-300x200.jpg 300w\" sizes=\"(max-width: 600px) 100vw, 600px\" \/>\t\t\t\t\t\t\t\t<\/a>\n\t\t\t\t\t\t\t\t\t\t\t\t\t\t\t<\/div>\n\t\t\t\t<\/div>\n\t\t\t\t\t<\/div>\n\t\t<\/div>\n\t\t\t\t<div class=\"elementor-column elementor-col-20 elementor-top-column elementor-element elementor-element-3a3a849\" data-id=\"3a3a849\" data-element_type=\"column\" data-e-type=\"column\">\n\t\t\t<div class=\"elementor-widget-wrap elementor-element-populated\">\n\t\t\t\t\t\t<div class=\"elementor-element elementor-element-8d71269 elementor-widget elementor-widget-image\" data-id=\"8d71269\" data-element_type=\"widget\" data-e-type=\"widget\" data-widget_type=\"image.default\">\n\t\t\t\t<div class=\"elementor-widget-container\">\n\t\t\t\t\t\t\t\t\t\t\t\t\t\t\t\t<a href=\"https:\/\/it-capital.com.mx\/en\/arrendamiento-leasing\/\">\n\t\t\t\t\t\t\t<img loading=\"lazy\" decoding=\"async\" width=\"600\" height=\"400\" src=\"https:\/\/it-capital.com.mx\/en\/wp-content\/uploads\/2021\/01\/leasing_yellow.jpg\" class=\"attachment-full size-full wp-image-1241\" alt=\"\" srcset=\"https:\/\/it-capital.com.mx\/en\/wp-content\/uploads\/2021\/01\/leasing_yellow.jpg 600w, https:\/\/it-capital.com.mx\/en\/wp-content\/uploads\/2021\/01\/leasing_yellow-300x200.jpg 300w\" sizes=\"(max-width: 600px) 100vw, 600px\" \/>\t\t\t\t\t\t\t\t<\/a>\n\t\t\t\t\t\t\t\t\t\t\t\t\t\t\t<\/div>\n\t\t\t\t<\/div>\n\t\t\t\t\t<\/div>\n\t\t<\/div>\n\t\t\t\t<div class=\"elementor-column elementor-col-20 elementor-top-column elementor-element elementor-element-f9b2429\" data-id=\"f9b2429\" data-element_type=\"column\" data-e-type=\"column\">\n\t\t\t<div class=\"elementor-widget-wrap elementor-element-populated\">\n\t\t\t\t\t\t<div class=\"elementor-element elementor-element-167498c elementor-widget elementor-widget-image\" data-id=\"167498c\" data-element_type=\"widget\" data-e-type=\"widget\" data-widget_type=\"image.default\">\n\t\t\t\t<div class=\"elementor-widget-container\">\n\t\t\t\t\t\t\t\t\t\t\t\t\t\t\t\t<a href=\"https:\/\/it-capital.com.mx\/en\/arrendamiento-leasing\/\">\n\t\t\t\t\t\t\t<img loading=\"lazy\" decoding=\"async\" width=\"600\" height=\"400\" src=\"https:\/\/it-capital.com.mx\/en\/wp-content\/uploads\/2021\/01\/sale_blue.jpg\" class=\"attachment-full size-full wp-image-1242\" alt=\"\" srcset=\"https:\/\/it-capital.com.mx\/en\/wp-content\/uploads\/2021\/01\/sale_blue.jpg 600w, https:\/\/it-capital.com.mx\/en\/wp-content\/uploads\/2021\/01\/sale_blue-300x200.jpg 300w\" sizes=\"(max-width: 600px) 100vw, 600px\" \/>\t\t\t\t\t\t\t\t<\/a>\n\t\t\t\t\t\t\t\t\t\t\t\t\t\t\t<\/div>\n\t\t\t\t<\/div>\n\t\t\t\t\t<\/div>\n\t\t<\/div>\n\t\t\t\t<div class=\"elementor-column elementor-col-20 elementor-top-column elementor-element elementor-element-b37cacb\" data-id=\"b37cacb\" data-element_type=\"column\" data-e-type=\"column\">\n\t\t\t<div class=\"elementor-widget-wrap elementor-element-populated\">\n\t\t\t\t\t\t<div class=\"elementor-element elementor-element-50ef41e elementor-widget elementor-widget-image\" data-id=\"50ef41e\" data-element_type=\"widget\" data-e-type=\"widget\" data-widget_type=\"image.default\">\n\t\t\t\t<div class=\"elementor-widget-container\">\n\t\t\t\t\t\t\t\t\t\t\t\t\t\t\t\t<a href=\"https:\/\/it-capital.com.mx\/en\/financiamiento\/\">\n\t\t\t\t\t\t\t<img loading=\"lazy\" decoding=\"async\" width=\"600\" height=\"400\" src=\"https:\/\/it-capital.com.mx\/en\/wp-content\/uploads\/2021\/01\/financing_gray.jpg\" class=\"attachment-full size-full wp-image-1240\" alt=\"\" srcset=\"https:\/\/it-capital.com.mx\/en\/wp-content\/uploads\/2021\/01\/financing_gray.jpg 600w, https:\/\/it-capital.com.mx\/en\/wp-content\/uploads\/2021\/01\/financing_gray-300x200.jpg 300w\" sizes=\"(max-width: 600px) 100vw, 600px\" \/>\t\t\t\t\t\t\t\t<\/a>\n\t\t\t\t\t\t\t\t\t\t\t\t\t\t\t<\/div>\n\t\t\t\t<\/div>\n\t\t\t\t\t<\/div>\n\t\t<\/div>\n\t\t\t\t\t<\/div>\n\t\t<\/section>\n\t\t\t\t<\/div>\n\t\t","protected":false},"excerpt":{"rendered":"<p>Objetivo FACTORAJE PARA CLIENTES NACIONALES O EXTRANJEROS.Es un mecanismo de financiamiento de corto plazo para empresas que funcionan bajo contrato con empresas privadas (Personas Morales) en M\u00e9xico y el extranjero (consulta nuestros destinos) y Gobierno de los tres niveles adelantando sus cuentas por cobrar cuando sus ventas las realizan a cr\u00e9dito para evitar perder liquidez [&hellip;]<\/p>\n","protected":false},"author":6,"featured_media":0,"parent":0,"menu_order":0,"comment_status":"closed","ping_status":"closed","template":"elementor_header_footer","meta":{"footnotes":""},"class_list":["post-299","page","type-page","status-publish","hentry"],"_links":{"self":[{"href":"https:\/\/it-capital.com.mx\/en\/wp-json\/wp\/v2\/pages\/299","targetHints":{"allow":["GET"]}}],"collection":[{"href":"https:\/\/it-capital.com.mx\/en\/wp-json\/wp\/v2\/pages"}],"about":[{"href":"https:\/\/it-capital.com.mx\/en\/wp-json\/wp\/v2\/types\/page"}],"author":[{"embeddable":true,"href":"https:\/\/it-capital.com.mx\/en\/wp-json\/wp\/v2\/users\/6"}],"replies":[{"embeddable":true,"href":"https:\/\/it-capital.com.mx\/en\/wp-json\/wp\/v2\/comments?post=299"}],"version-history":[{"count":5,"href":"https:\/\/it-capital.com.mx\/en\/wp-json\/wp\/v2\/pages\/299\/revisions"}],"predecessor-version":[{"id":1401,"href":"https:\/\/it-capital.com.mx\/en\/wp-json\/wp\/v2\/pages\/299\/revisions\/1401"}],"wp:attachment":[{"href":"https:\/\/it-capital.com.mx\/en\/wp-json\/wp\/v2\/media?parent=299"}],"curies":[{"name":"wp","href":"https:\/\/api.w.org\/{rel}","templated":true}]}}