{"id":344,"date":"2020-10-21T17:53:50","date_gmt":"2020-10-21T22:53:50","guid":{"rendered":"https:\/\/it-capital.com.mx\/en\/?page_id=344"},"modified":"2020-11-19T15:17:15","modified_gmt":"2020-11-19T21:17:15","slug":"analisis-bursatil","status":"publish","type":"page","link":"https:\/\/it-capital.com.mx\/en\/analisis-bursatil\/","title":{"rendered":"An\u00e1lisis Burs\u00e1til"},"content":{"rendered":"\t\t<div data-elementor-type=\"wp-page\" data-elementor-id=\"344\" class=\"elementor elementor-344\" data-elementor-post-type=\"page\">\n\t\t\t\t\t\t<section class=\"elementor-section elementor-top-section elementor-element elementor-element-68915db5 elementor-section-content-middle elementor-section-full_width elementor-section-height-min-height elementor-section-height-default elementor-section-items-middle\" data-id=\"68915db5\" data-element_type=\"section\" data-e-type=\"section\" data-settings=\"{&quot;background_background&quot;:&quot;classic&quot;}\">\n\t\t\t\t\t\t\t<div class=\"elementor-background-overlay\"><\/div>\n\t\t\t\t\t\t\t<div class=\"elementor-container elementor-column-gap-no\">\n\t\t\t\t\t<div class=\"elementor-column elementor-col-100 elementor-top-column elementor-element elementor-element-d0e51a9\" data-id=\"d0e51a9\" data-element_type=\"column\" data-e-type=\"column\">\n\t\t\t<div class=\"elementor-widget-wrap elementor-element-populated\">\n\t\t\t\t\t\t<section class=\"elementor-section elementor-inner-section elementor-element elementor-element-33569e81 elementor-reverse-mobile elementor-section-content-middle elementor-section-boxed elementor-section-height-default elementor-section-height-default\" data-id=\"33569e81\" data-element_type=\"section\" data-e-type=\"section\">\n\t\t\t\t\t\t<div class=\"elementor-container elementor-column-gap-wider\">\n\t\t\t\t\t<div class=\"elementor-column elementor-col-100 elementor-inner-column elementor-element elementor-element-553fb5ad\" data-id=\"553fb5ad\" data-element_type=\"column\" data-e-type=\"column\">\n\t\t\t<div class=\"elementor-widget-wrap elementor-element-populated\">\n\t\t\t\t\t\t<div class=\"elementor-element elementor-element-e1f2c25 elementor-widget elementor-widget-heading\" data-id=\"e1f2c25\" data-element_type=\"widget\" data-e-type=\"widget\" data-widget_type=\"heading.default\">\n\t\t\t\t<div class=\"elementor-widget-container\">\n\t\t\t\t\t<h2 class=\"elementor-heading-title elementor-size-default\">An\u00e1lisis Burs\u00e1til<\/h2>\t\t\t\t<\/div>\n\t\t\t\t<\/div>\n\t\t\t\t\t<\/div>\n\t\t<\/div>\n\t\t\t\t\t<\/div>\n\t\t<\/section>\n\t\t\t\t\t<\/div>\n\t\t<\/div>\n\t\t\t\t\t<\/div>\n\t\t<\/section>\n\t\t\t\t<section class=\"elementor-section elementor-top-section elementor-element elementor-element-1bc7ad8b elementor-section-content-middle elementor-section-boxed elementor-section-height-default elementor-section-height-default\" data-id=\"1bc7ad8b\" data-element_type=\"section\" data-e-type=\"section\" data-settings=\"{&quot;background_background&quot;:&quot;classic&quot;}\">\n\t\t\t\t\t\t<div class=\"elementor-container elementor-column-gap-no\">\n\t\t\t\t\t<div class=\"elementor-column elementor-col-100 elementor-top-column elementor-element elementor-element-289dc6f3\" data-id=\"289dc6f3\" data-element_type=\"column\" data-e-type=\"column\">\n\t\t\t<div class=\"elementor-widget-wrap elementor-element-populated\">\n\t\t\t\t\t\t<div class=\"elementor-element elementor-element-5e5e4e0 elementor-widget elementor-widget-heading\" data-id=\"5e5e4e0\" data-element_type=\"widget\" data-e-type=\"widget\" data-widget_type=\"heading.default\">\n\t\t\t\t<div class=\"elementor-widget-container\">\n\t\t\t\t\t<h2 class=\"elementor-heading-title elementor-size-default\">Objetivo<\/h2>\t\t\t\t<\/div>\n\t\t\t\t<\/div>\n\t\t\t\t<div class=\"elementor-element elementor-element-c6d7fb0 elementor-widget elementor-widget-text-editor\" data-id=\"c6d7fb0\" data-element_type=\"widget\" data-e-type=\"widget\" data-widget_type=\"text-editor.default\">\n\t\t\t\t<div class=\"elementor-widget-container\">\n\t\t\t\t\t\t\t\t\t<p>El an\u00e1lisis burs\u00e1til cl\u00e1sico tiene como objetivo el estudio del comportamiento de los mercados financieros y de los valores que los constituyen. Con ese an\u00e1lisis se pretende conseguir informaci\u00f3n relevante que ayude en las decisiones de inversi\u00f3n en situaciones de incertidumbre. Implica un incremento o dimensi\u00f3n de la bolsa de valores teniendo en cuenta el mercado fluctuante la oferta y la demanda en un tiempo determinado. Lo cual permite mejorar y cerrar favorablemente las acciones.<\/p>\t\t\t\t\t\t\t\t<\/div>\n\t\t\t\t<\/div>\n\t\t\t\t<div class=\"elementor-element elementor-element-8b63429 elementor-widget elementor-widget-text-editor\" data-id=\"8b63429\" data-element_type=\"widget\" data-e-type=\"widget\" data-widget_type=\"text-editor.default\">\n\t\t\t\t<div class=\"elementor-widget-container\">\n\t\t\t\t\t\t\t\t\t<p style=\"text-align: center;\">Se divide en una doble categor\u00eda de an\u00e1lisis, en ocasiones contrapuestos, que son los siguientes:<\/p><p style=\"text-align: center;\">An\u00e1lisis t\u00e9cnico de valores.<\/p><p style=\"text-align: center;\">An\u00e1lisis fundamental tambi\u00e9n conocido como An\u00e1lisis Financiero.<\/p>\t\t\t\t\t\t\t\t<\/div>\n\t\t\t\t<\/div>\n\t\t\t\t<div class=\"elementor-element elementor-element-87b96b2 elementor-widget elementor-widget-text-editor\" data-id=\"87b96b2\" data-element_type=\"widget\" data-e-type=\"widget\" data-widget_type=\"text-editor.default\">\n\t\t\t\t<div class=\"elementor-widget-container\">\n\t\t\t\t\t\t\t\t\t<p>Ambas categor\u00edas parten de suposiciones diferentes a la hora de interpretar el comportamiento de los mercados financieros. Pueden ser utilizados tanto en los mercados al contado como en los mercados de futuros, tanto de activos financieros como de materias primas o bienes tangibles, y pretenden, en l\u00edneas generales, determinar qu\u00e9 valores, activos, mercados pueden ser m\u00e1s atractivos en nuestro af\u00e1n inversor, pues pueden esconder mayores rentabilidades futuras, o mejores perspectivas econ\u00f3micas. Inversiones permite lograr un nivel razonable del mercado como tambi\u00e9n una incidencia de un resultado poco favorable repercute notablemente .<\/p><p>El incremento constante permite comprar acciones a raz\u00f3n de un precio razonable como tambi\u00e9n ganar mercado y obtener otros optimizar las ganancias de los inversiones de esa manera lograr alzas favorables. El gr\u00e1fico del an\u00e1lisis burs\u00e1til muestra la situaci\u00f3n actual de un mercado en un tiempo determinado por tal motivo es posible obtener conclusiones estudiar posibles inversiones. Al indicar un resultado favorable permite generar confianza en los inversores para de esa manera lograr obtener rentabilidad crear de esa manera una mercado de acciones satisfactorio.<\/p>\t\t\t\t\t\t\t\t<\/div>\n\t\t\t\t<\/div>\n\t\t\t\t\t<\/div>\n\t\t<\/div>\n\t\t\t\t\t<\/div>\n\t\t<\/section>\n\t\t\t\t<section class=\"elementor-section elementor-top-section elementor-element elementor-element-ad17d0b elementor-section-content-middle elementor-section-full_width elementor-section-height-min-height elementor-section-height-default elementor-section-items-middle\" data-id=\"ad17d0b\" data-element_type=\"section\" data-e-type=\"section\" data-settings=\"{&quot;background_background&quot;:&quot;classic&quot;}\">\n\t\t\t\t\t\t<div class=\"elementor-container elementor-column-gap-no\">\n\t\t\t\t\t<div class=\"elementor-column elementor-col-20 elementor-top-column elementor-element elementor-element-088ad9e\" data-id=\"088ad9e\" data-element_type=\"column\" data-e-type=\"column\">\n\t\t\t<div class=\"elementor-widget-wrap elementor-element-populated\">\n\t\t\t\t\t\t<div class=\"elementor-element elementor-element-885cea5 elementor-widget elementor-widget-image\" data-id=\"885cea5\" data-element_type=\"widget\" data-e-type=\"widget\" data-widget_type=\"image.default\">\n\t\t\t\t<div class=\"elementor-widget-container\">\n\t\t\t\t\t\t\t\t\t\t\t\t\t\t\t\t<a href=\"https:\/\/it-capital.com.mx\/en\/factoraje\/\">\n\t\t\t\t\t\t\t<img fetchpriority=\"high\" decoding=\"async\" width=\"600\" height=\"400\" src=\"https:\/\/it-capital.com.mx\/en\/wp-content\/uploads\/2020\/11\/factora.jpg\" class=\"attachment-full size-full wp-image-1027\" alt=\"\" srcset=\"https:\/\/it-capital.com.mx\/en\/wp-content\/uploads\/2020\/11\/factora.jpg 600w, https:\/\/it-capital.com.mx\/en\/wp-content\/uploads\/2020\/11\/factora-300x200.jpg 300w\" sizes=\"(max-width: 600px) 100vw, 600px\" \/>\t\t\t\t\t\t\t\t<\/a>\n\t\t\t\t\t\t\t\t\t\t\t\t\t\t\t<\/div>\n\t\t\t\t<\/div>\n\t\t\t\t\t<\/div>\n\t\t<\/div>\n\t\t\t\t<div class=\"elementor-column elementor-col-20 elementor-top-column elementor-element elementor-element-1fb3f73\" data-id=\"1fb3f73\" data-element_type=\"column\" data-e-type=\"column\">\n\t\t\t<div class=\"elementor-widget-wrap elementor-element-populated\">\n\t\t\t\t\t\t<div class=\"elementor-element elementor-element-89ccb83 elementor-widget elementor-widget-image\" data-id=\"89ccb83\" data-element_type=\"widget\" data-e-type=\"widget\" data-widget_type=\"image.default\">\n\t\t\t\t<div class=\"elementor-widget-container\">\n\t\t\t\t\t\t\t\t\t\t\t\t\t\t\t\t<a href=\"https:\/\/it-capital.com.mx\/en\/adelanto-contratos\/\">\n\t\t\t\t\t\t\t<img decoding=\"async\" width=\"600\" height=\"400\" src=\"https:\/\/it-capital.com.mx\/en\/wp-content\/uploads\/2020\/11\/adela.jpg\" class=\"attachment-full size-full wp-image-1026\" alt=\"\" srcset=\"https:\/\/it-capital.com.mx\/en\/wp-content\/uploads\/2020\/11\/adela.jpg 600w, https:\/\/it-capital.com.mx\/en\/wp-content\/uploads\/2020\/11\/adela-300x200.jpg 300w\" sizes=\"(max-width: 600px) 100vw, 600px\" \/>\t\t\t\t\t\t\t\t<\/a>\n\t\t\t\t\t\t\t\t\t\t\t\t\t\t\t<\/div>\n\t\t\t\t<\/div>\n\t\t\t\t\t<\/div>\n\t\t<\/div>\n\t\t\t\t<div class=\"elementor-column elementor-col-20 elementor-top-column elementor-element elementor-element-c6947ea\" data-id=\"c6947ea\" data-element_type=\"column\" data-e-type=\"column\">\n\t\t\t<div class=\"elementor-widget-wrap elementor-element-populated\">\n\t\t\t\t\t\t<div class=\"elementor-element elementor-element-2600bad elementor-widget elementor-widget-image\" data-id=\"2600bad\" data-element_type=\"widget\" data-e-type=\"widget\" data-widget_type=\"image.default\">\n\t\t\t\t<div class=\"elementor-widget-container\">\n\t\t\t\t\t\t\t\t\t\t\t\t\t\t\t\t<a href=\"https:\/\/it-capital.com.mx\/en\/arrendamiento-leasing\/\">\n\t\t\t\t\t\t\t<img decoding=\"async\" width=\"600\" height=\"400\" src=\"https:\/\/it-capital.com.mx\/en\/wp-content\/uploads\/2020\/11\/arrenda.jpg\" class=\"attachment-full size-full wp-image-1024\" alt=\"\" srcset=\"https:\/\/it-capital.com.mx\/en\/wp-content\/uploads\/2020\/11\/arrenda.jpg 600w, https:\/\/it-capital.com.mx\/en\/wp-content\/uploads\/2020\/11\/arrenda-300x200.jpg 300w\" sizes=\"(max-width: 600px) 100vw, 600px\" \/>\t\t\t\t\t\t\t\t<\/a>\n\t\t\t\t\t\t\t\t\t\t\t\t\t\t\t<\/div>\n\t\t\t\t<\/div>\n\t\t\t\t\t<\/div>\n\t\t<\/div>\n\t\t\t\t<div class=\"elementor-column elementor-col-20 elementor-top-column elementor-element elementor-element-f4408e2\" data-id=\"f4408e2\" data-element_type=\"column\" data-e-type=\"column\">\n\t\t\t<div class=\"elementor-widget-wrap elementor-element-populated\">\n\t\t\t\t\t\t<div class=\"elementor-element elementor-element-e2fb946 elementor-widget elementor-widget-image\" data-id=\"e2fb946\" data-element_type=\"widget\" data-e-type=\"widget\" data-widget_type=\"image.default\">\n\t\t\t\t<div class=\"elementor-widget-container\">\n\t\t\t\t\t\t\t\t\t\t\t\t\t\t\t\t<a href=\"https:\/\/it-capital.com.mx\/en\/arrendamiento-leasing\/\">\n\t\t\t\t\t\t\t<img loading=\"lazy\" decoding=\"async\" width=\"600\" height=\"400\" src=\"https:\/\/it-capital.com.mx\/en\/wp-content\/uploads\/2020\/11\/sale.jpg\" class=\"attachment-full size-full wp-image-1029\" alt=\"\" srcset=\"https:\/\/it-capital.com.mx\/en\/wp-content\/uploads\/2020\/11\/sale.jpg 600w, https:\/\/it-capital.com.mx\/en\/wp-content\/uploads\/2020\/11\/sale-300x200.jpg 300w\" sizes=\"(max-width: 600px) 100vw, 600px\" \/>\t\t\t\t\t\t\t\t<\/a>\n\t\t\t\t\t\t\t\t\t\t\t\t\t\t\t<\/div>\n\t\t\t\t<\/div>\n\t\t\t\t\t<\/div>\n\t\t<\/div>\n\t\t\t\t<div class=\"elementor-column elementor-col-20 elementor-top-column elementor-element elementor-element-b448db4\" data-id=\"b448db4\" data-element_type=\"column\" data-e-type=\"column\">\n\t\t\t<div class=\"elementor-widget-wrap elementor-element-populated\">\n\t\t\t\t\t\t<div class=\"elementor-element elementor-element-3b59e8d elementor-widget elementor-widget-image\" data-id=\"3b59e8d\" data-element_type=\"widget\" data-e-type=\"widget\" data-widget_type=\"image.default\">\n\t\t\t\t<div class=\"elementor-widget-container\">\n\t\t\t\t\t\t\t\t\t\t\t\t\t\t\t\t<a href=\"https:\/\/it-capital.com.mx\/en\/financiamiento\/\">\n\t\t\t\t\t\t\t<img loading=\"lazy\" decoding=\"async\" width=\"600\" height=\"400\" src=\"https:\/\/it-capital.com.mx\/en\/wp-content\/uploads\/2020\/11\/finan.jpg\" class=\"attachment-full size-full wp-image-1028\" alt=\"\" srcset=\"https:\/\/it-capital.com.mx\/en\/wp-content\/uploads\/2020\/11\/finan.jpg 600w, https:\/\/it-capital.com.mx\/en\/wp-content\/uploads\/2020\/11\/finan-300x200.jpg 300w\" sizes=\"(max-width: 600px) 100vw, 600px\" \/>\t\t\t\t\t\t\t\t<\/a>\n\t\t\t\t\t\t\t\t\t\t\t\t\t\t\t<\/div>\n\t\t\t\t<\/div>\n\t\t\t\t\t<\/div>\n\t\t<\/div>\n\t\t\t\t\t<\/div>\n\t\t<\/section>\n\t\t\t\t<\/div>\n\t\t","protected":false},"excerpt":{"rendered":"<p>An\u00e1lisis Burs\u00e1til Objetivo El an\u00e1lisis burs\u00e1til cl\u00e1sico tiene como objetivo el estudio del comportamiento de los mercados financieros y de los valores que los constituyen. Con ese an\u00e1lisis se pretende conseguir informaci\u00f3n relevante que ayude en las decisiones de inversi\u00f3n en situaciones de incertidumbre. Implica un incremento o dimensi\u00f3n de la bolsa de valores teniendo [&hellip;]<\/p>\n","protected":false},"author":6,"featured_media":0,"parent":0,"menu_order":0,"comment_status":"closed","ping_status":"closed","template":"elementor_header_footer","meta":{"footnotes":""},"class_list":["post-344","page","type-page","status-publish","hentry"],"_links":{"self":[{"href":"https:\/\/it-capital.com.mx\/en\/wp-json\/wp\/v2\/pages\/344","targetHints":{"allow":["GET"]}}],"collection":[{"href":"https:\/\/it-capital.com.mx\/en\/wp-json\/wp\/v2\/pages"}],"about":[{"href":"https:\/\/it-capital.com.mx\/en\/wp-json\/wp\/v2\/types\/page"}],"author":[{"embeddable":true,"href":"https:\/\/it-capital.com.mx\/en\/wp-json\/wp\/v2\/users\/6"}],"replies":[{"embeddable":true,"href":"https:\/\/it-capital.com.mx\/en\/wp-json\/wp\/v2\/comments?post=344"}],"version-history":[{"count":5,"href":"https:\/\/it-capital.com.mx\/en\/wp-json\/wp\/v2\/pages\/344\/revisions"}],"predecessor-version":[{"id":1080,"href":"https:\/\/it-capital.com.mx\/en\/wp-json\/wp\/v2\/pages\/344\/revisions\/1080"}],"wp:attachment":[{"href":"https:\/\/it-capital.com.mx\/en\/wp-json\/wp\/v2\/media?parent=344"}],"curies":[{"name":"wp","href":"https:\/\/api.w.org\/{rel}","templated":true}]}}