{"id":360,"date":"2020-10-21T18:11:07","date_gmt":"2020-10-21T23:11:07","guid":{"rendered":"https:\/\/it-capital.com.mx\/en\/?page_id=360"},"modified":"2020-11-19T15:16:25","modified_gmt":"2020-11-19T21:16:25","slug":"reporte-credito-empresarial","status":"publish","type":"page","link":"https:\/\/it-capital.com.mx\/en\/reporte-credito-empresarial\/","title":{"rendered":"Reporte de Cr\u00e9dito Empresarial"},"content":{"rendered":"\t\t<div data-elementor-type=\"wp-page\" data-elementor-id=\"360\" class=\"elementor elementor-360\" data-elementor-post-type=\"page\">\n\t\t\t\t\t\t<section class=\"elementor-section elementor-top-section elementor-element elementor-element-68915db5 elementor-section-content-middle elementor-section-full_width elementor-section-height-min-height elementor-section-height-default elementor-section-items-middle\" data-id=\"68915db5\" data-element_type=\"section\" data-e-type=\"section\" data-settings=\"{&quot;background_background&quot;:&quot;classic&quot;}\">\n\t\t\t\t\t\t\t<div class=\"elementor-background-overlay\"><\/div>\n\t\t\t\t\t\t\t<div class=\"elementor-container elementor-column-gap-no\">\n\t\t\t\t\t<div class=\"elementor-column elementor-col-100 elementor-top-column elementor-element elementor-element-d0e51a9\" data-id=\"d0e51a9\" data-element_type=\"column\" data-e-type=\"column\">\n\t\t\t<div class=\"elementor-widget-wrap elementor-element-populated\">\n\t\t\t\t\t\t<section class=\"elementor-section elementor-inner-section elementor-element elementor-element-33569e81 elementor-reverse-mobile elementor-section-content-middle elementor-section-boxed elementor-section-height-default elementor-section-height-default\" data-id=\"33569e81\" data-element_type=\"section\" data-e-type=\"section\">\n\t\t\t\t\t\t<div class=\"elementor-container elementor-column-gap-wider\">\n\t\t\t\t\t<div class=\"elementor-column elementor-col-100 elementor-inner-column elementor-element elementor-element-553fb5ad\" data-id=\"553fb5ad\" data-element_type=\"column\" data-e-type=\"column\">\n\t\t\t<div class=\"elementor-widget-wrap elementor-element-populated\">\n\t\t\t\t\t\t<div class=\"elementor-element elementor-element-e1f2c25 elementor-widget elementor-widget-heading\" data-id=\"e1f2c25\" data-element_type=\"widget\" data-e-type=\"widget\" data-widget_type=\"heading.default\">\n\t\t\t\t<div class=\"elementor-widget-container\">\n\t\t\t\t\t<h2 class=\"elementor-heading-title elementor-size-default\">Reporte de Cr\u00e9dito Empresarial<\/h2>\t\t\t\t<\/div>\n\t\t\t\t<\/div>\n\t\t\t\t\t<\/div>\n\t\t<\/div>\n\t\t\t\t\t<\/div>\n\t\t<\/section>\n\t\t\t\t\t<\/div>\n\t\t<\/div>\n\t\t\t\t\t<\/div>\n\t\t<\/section>\n\t\t\t\t<section class=\"elementor-section elementor-top-section elementor-element elementor-element-1bc7ad8b elementor-section-content-middle elementor-section-boxed elementor-section-height-default elementor-section-height-default\" data-id=\"1bc7ad8b\" data-element_type=\"section\" data-e-type=\"section\" data-settings=\"{&quot;background_background&quot;:&quot;classic&quot;}\">\n\t\t\t\t\t\t<div class=\"elementor-container elementor-column-gap-no\">\n\t\t\t\t\t<div class=\"elementor-column elementor-col-100 elementor-top-column elementor-element elementor-element-289dc6f3\" data-id=\"289dc6f3\" data-element_type=\"column\" data-e-type=\"column\">\n\t\t\t<div class=\"elementor-widget-wrap elementor-element-populated\">\n\t\t\t\t\t\t<div class=\"elementor-element elementor-element-5e5e4e0 elementor-widget elementor-widget-heading\" data-id=\"5e5e4e0\" data-element_type=\"widget\" data-e-type=\"widget\" data-widget_type=\"heading.default\">\n\t\t\t\t<div class=\"elementor-widget-container\">\n\t\t\t\t\t<h2 class=\"elementor-heading-title elementor-size-default\">Objetivo<\/h2>\t\t\t\t<\/div>\n\t\t\t\t<\/div>\n\t\t\t\t<div class=\"elementor-element elementor-element-c6d7fb0 elementor-widget elementor-widget-text-editor\" data-id=\"c6d7fb0\" data-element_type=\"widget\" data-e-type=\"widget\" data-widget_type=\"text-editor.default\">\n\t\t\t\t<div class=\"elementor-widget-container\">\n\t\t\t\t\t\t\t\t\t<p>Bas\u00e1ndose en la rica experiencia de la investigaci\u00f3n de cr\u00e9dito empresarial y red de investigaci\u00f3n, IT Capital proporciona servicios de gesti\u00f3n de cr\u00e9dito de alta calidad profesional para sus clientes nacionales. IT Capital se ha registrado en muchas instituciones de investigaci\u00f3n de cr\u00e9dito extranjeras famosas de M\u00e9xico (D &amp; B, Credit Circle, Base de Datos de la Oficina Jur\u00eddica de conocimientos y cr\u00e9dito), tambi\u00e9n es socio de muchas empresas extranjeras y nacionales en el desarrollo de los negocios en M\u00e9xico y pa\u00edses extranjeros como EE.UU. e Inglaterra, adem\u00e1s, cuenta con un equipo de investigaci\u00f3n de compa\u00f1\u00edas nacionales e internacionales con amplia experiencia.<\/p><p>Por medio del servicio de investigaci\u00f3n de cr\u00e9dito de capital de TI, los clientes pueden obtener la informaci\u00f3n de cr\u00e9dito relacionada de cualquier empresas situadas en otros lugares internacionales fuera de M\u00e9xico, as\u00ed como la informaci\u00f3n sobre la calificaci\u00f3n de cr\u00e9dito, de mercado se extiende, la gesti\u00f3n de cuentas de negocios, apoyo a las decisiones, etc<\/p><ul><li>Informe de cr\u00e9dito para compa\u00f1\u00edas<\/li><li>Informe de An\u00e1lisis de Finanzas<\/li><li>Gesti\u00f3n de cuentas de negocios<\/li><li>Investigaci\u00f3n de Activos a profundidad<\/li><\/ul>\t\t\t\t\t\t\t\t<\/div>\n\t\t\t\t<\/div>\n\t\t\t\t\t<\/div>\n\t\t<\/div>\n\t\t\t\t\t<\/div>\n\t\t<\/section>\n\t\t\t\t<section class=\"elementor-section elementor-top-section elementor-element elementor-element-096b71d elementor-section-content-middle elementor-section-full_width elementor-section-height-min-height elementor-section-height-default elementor-section-items-middle\" data-id=\"096b71d\" data-element_type=\"section\" data-e-type=\"section\" data-settings=\"{&quot;background_background&quot;:&quot;classic&quot;}\">\n\t\t\t\t\t\t<div class=\"elementor-container elementor-column-gap-no\">\n\t\t\t\t\t<div class=\"elementor-column elementor-col-20 elementor-top-column elementor-element elementor-element-878625e\" data-id=\"878625e\" data-element_type=\"column\" data-e-type=\"column\">\n\t\t\t<div class=\"elementor-widget-wrap elementor-element-populated\">\n\t\t\t\t\t\t<div class=\"elementor-element elementor-element-cd82cc8 elementor-widget elementor-widget-image\" data-id=\"cd82cc8\" data-element_type=\"widget\" data-e-type=\"widget\" data-widget_type=\"image.default\">\n\t\t\t\t<div class=\"elementor-widget-container\">\n\t\t\t\t\t\t\t\t\t\t\t\t\t\t\t\t<a href=\"https:\/\/it-capital.com.mx\/en\/factoraje\/\">\n\t\t\t\t\t\t\t<img fetchpriority=\"high\" decoding=\"async\" width=\"600\" height=\"400\" src=\"https:\/\/it-capital.com.mx\/en\/wp-content\/uploads\/2020\/11\/factora.jpg\" class=\"attachment-full size-full wp-image-1027\" alt=\"\" srcset=\"https:\/\/it-capital.com.mx\/en\/wp-content\/uploads\/2020\/11\/factora.jpg 600w, https:\/\/it-capital.com.mx\/en\/wp-content\/uploads\/2020\/11\/factora-300x200.jpg 300w\" sizes=\"(max-width: 600px) 100vw, 600px\" \/>\t\t\t\t\t\t\t\t<\/a>\n\t\t\t\t\t\t\t\t\t\t\t\t\t\t\t<\/div>\n\t\t\t\t<\/div>\n\t\t\t\t\t<\/div>\n\t\t<\/div>\n\t\t\t\t<div class=\"elementor-column elementor-col-20 elementor-top-column elementor-element elementor-element-fa9fc16\" data-id=\"fa9fc16\" data-element_type=\"column\" data-e-type=\"column\">\n\t\t\t<div class=\"elementor-widget-wrap elementor-element-populated\">\n\t\t\t\t\t\t<div class=\"elementor-element elementor-element-9d06295 elementor-widget elementor-widget-image\" data-id=\"9d06295\" data-element_type=\"widget\" data-e-type=\"widget\" data-widget_type=\"image.default\">\n\t\t\t\t<div class=\"elementor-widget-container\">\n\t\t\t\t\t\t\t\t\t\t\t\t\t\t\t\t<a href=\"https:\/\/it-capital.com.mx\/en\/adelanto-contratos\/\">\n\t\t\t\t\t\t\t<img decoding=\"async\" width=\"600\" height=\"400\" src=\"https:\/\/it-capital.com.mx\/en\/wp-content\/uploads\/2020\/11\/adela.jpg\" class=\"attachment-full size-full wp-image-1026\" alt=\"\" srcset=\"https:\/\/it-capital.com.mx\/en\/wp-content\/uploads\/2020\/11\/adela.jpg 600w, https:\/\/it-capital.com.mx\/en\/wp-content\/uploads\/2020\/11\/adela-300x200.jpg 300w\" sizes=\"(max-width: 600px) 100vw, 600px\" \/>\t\t\t\t\t\t\t\t<\/a>\n\t\t\t\t\t\t\t\t\t\t\t\t\t\t\t<\/div>\n\t\t\t\t<\/div>\n\t\t\t\t\t<\/div>\n\t\t<\/div>\n\t\t\t\t<div class=\"elementor-column elementor-col-20 elementor-top-column elementor-element elementor-element-d3f61b6\" data-id=\"d3f61b6\" data-element_type=\"column\" data-e-type=\"column\">\n\t\t\t<div class=\"elementor-widget-wrap elementor-element-populated\">\n\t\t\t\t\t\t<div class=\"elementor-element elementor-element-996af5a elementor-widget elementor-widget-image\" data-id=\"996af5a\" data-element_type=\"widget\" data-e-type=\"widget\" data-widget_type=\"image.default\">\n\t\t\t\t<div class=\"elementor-widget-container\">\n\t\t\t\t\t\t\t\t\t\t\t\t\t\t\t\t<a href=\"https:\/\/it-capital.com.mx\/en\/arrendamiento-leasing\/\">\n\t\t\t\t\t\t\t<img decoding=\"async\" width=\"600\" height=\"400\" src=\"https:\/\/it-capital.com.mx\/en\/wp-content\/uploads\/2020\/11\/arrenda.jpg\" class=\"attachment-full size-full wp-image-1024\" alt=\"\" srcset=\"https:\/\/it-capital.com.mx\/en\/wp-content\/uploads\/2020\/11\/arrenda.jpg 600w, https:\/\/it-capital.com.mx\/en\/wp-content\/uploads\/2020\/11\/arrenda-300x200.jpg 300w\" sizes=\"(max-width: 600px) 100vw, 600px\" \/>\t\t\t\t\t\t\t\t<\/a>\n\t\t\t\t\t\t\t\t\t\t\t\t\t\t\t<\/div>\n\t\t\t\t<\/div>\n\t\t\t\t\t<\/div>\n\t\t<\/div>\n\t\t\t\t<div class=\"elementor-column elementor-col-20 elementor-top-column elementor-element elementor-element-098c1e8\" data-id=\"098c1e8\" data-element_type=\"column\" data-e-type=\"column\">\n\t\t\t<div class=\"elementor-widget-wrap elementor-element-populated\">\n\t\t\t\t\t\t<div class=\"elementor-element elementor-element-2b20037 elementor-widget elementor-widget-image\" data-id=\"2b20037\" data-element_type=\"widget\" data-e-type=\"widget\" data-widget_type=\"image.default\">\n\t\t\t\t<div class=\"elementor-widget-container\">\n\t\t\t\t\t\t\t\t\t\t\t\t\t\t\t\t<a href=\"https:\/\/it-capital.com.mx\/en\/arrendamiento-leasing\/\">\n\t\t\t\t\t\t\t<img loading=\"lazy\" decoding=\"async\" width=\"600\" height=\"400\" src=\"https:\/\/it-capital.com.mx\/en\/wp-content\/uploads\/2020\/11\/sale.jpg\" class=\"attachment-full size-full wp-image-1029\" alt=\"\" srcset=\"https:\/\/it-capital.com.mx\/en\/wp-content\/uploads\/2020\/11\/sale.jpg 600w, https:\/\/it-capital.com.mx\/en\/wp-content\/uploads\/2020\/11\/sale-300x200.jpg 300w\" sizes=\"(max-width: 600px) 100vw, 600px\" \/>\t\t\t\t\t\t\t\t<\/a>\n\t\t\t\t\t\t\t\t\t\t\t\t\t\t\t<\/div>\n\t\t\t\t<\/div>\n\t\t\t\t\t<\/div>\n\t\t<\/div>\n\t\t\t\t<div class=\"elementor-column elementor-col-20 elementor-top-column elementor-element elementor-element-6c1d929\" data-id=\"6c1d929\" data-element_type=\"column\" data-e-type=\"column\">\n\t\t\t<div class=\"elementor-widget-wrap elementor-element-populated\">\n\t\t\t\t\t\t<div class=\"elementor-element elementor-element-b0a365e elementor-widget elementor-widget-image\" data-id=\"b0a365e\" data-element_type=\"widget\" data-e-type=\"widget\" data-widget_type=\"image.default\">\n\t\t\t\t<div class=\"elementor-widget-container\">\n\t\t\t\t\t\t\t\t\t\t\t\t\t\t\t\t<a href=\"https:\/\/it-capital.com.mx\/en\/financiamiento\/\">\n\t\t\t\t\t\t\t<img loading=\"lazy\" decoding=\"async\" width=\"600\" height=\"400\" src=\"https:\/\/it-capital.com.mx\/en\/wp-content\/uploads\/2020\/11\/finan.jpg\" class=\"attachment-full size-full wp-image-1028\" alt=\"\" srcset=\"https:\/\/it-capital.com.mx\/en\/wp-content\/uploads\/2020\/11\/finan.jpg 600w, https:\/\/it-capital.com.mx\/en\/wp-content\/uploads\/2020\/11\/finan-300x200.jpg 300w\" sizes=\"(max-width: 600px) 100vw, 600px\" \/>\t\t\t\t\t\t\t\t<\/a>\n\t\t\t\t\t\t\t\t\t\t\t\t\t\t\t<\/div>\n\t\t\t\t<\/div>\n\t\t\t\t\t<\/div>\n\t\t<\/div>\n\t\t\t\t\t<\/div>\n\t\t<\/section>\n\t\t\t\t<\/div>\n\t\t","protected":false},"excerpt":{"rendered":"<p>Reporte de Cr\u00e9dito Empresarial Objetivo Bas\u00e1ndose en la rica experiencia de la investigaci\u00f3n de cr\u00e9dito empresarial y red de investigaci\u00f3n, IT Capital proporciona servicios de gesti\u00f3n de cr\u00e9dito de alta calidad profesional para sus clientes nacionales. IT Capital se ha registrado en muchas instituciones de investigaci\u00f3n de cr\u00e9dito extranjeras famosas de M\u00e9xico (D &amp; B, [&hellip;]<\/p>\n","protected":false},"author":6,"featured_media":0,"parent":0,"menu_order":0,"comment_status":"closed","ping_status":"closed","template":"elementor_header_footer","meta":{"footnotes":""},"class_list":["post-360","page","type-page","status-publish","hentry"],"_links":{"self":[{"href":"https:\/\/it-capital.com.mx\/en\/wp-json\/wp\/v2\/pages\/360","targetHints":{"allow":["GET"]}}],"collection":[{"href":"https:\/\/it-capital.com.mx\/en\/wp-json\/wp\/v2\/pages"}],"about":[{"href":"https:\/\/it-capital.com.mx\/en\/wp-json\/wp\/v2\/types\/page"}],"author":[{"embeddable":true,"href":"https:\/\/it-capital.com.mx\/en\/wp-json\/wp\/v2\/users\/6"}],"replies":[{"embeddable":true,"href":"https:\/\/it-capital.com.mx\/en\/wp-json\/wp\/v2\/comments?post=360"}],"version-history":[{"count":5,"href":"https:\/\/it-capital.com.mx\/en\/wp-json\/wp\/v2\/pages\/360\/revisions"}],"predecessor-version":[{"id":1074,"href":"https:\/\/it-capital.com.mx\/en\/wp-json\/wp\/v2\/pages\/360\/revisions\/1074"}],"wp:attachment":[{"href":"https:\/\/it-capital.com.mx\/en\/wp-json\/wp\/v2\/media?parent=360"}],"curies":[{"name":"wp","href":"https:\/\/api.w.org\/{rel}","templated":true}]}}