{"id":442,"date":"2020-11-11T21:50:24","date_gmt":"2020-11-12T03:50:24","guid":{"rendered":"https:\/\/it-capital.com.mx\/en\/?page_id=442"},"modified":"2022-01-11T17:03:09","modified_gmt":"2022-01-11T23:03:09","slug":"financiamiento","status":"publish","type":"page","link":"https:\/\/it-capital.com.mx\/en\/financiamiento\/","title":{"rendered":"Financiamiento de O.C. y O.T."},"content":{"rendered":"\t\t<div data-elementor-type=\"wp-page\" data-elementor-id=\"442\" class=\"elementor elementor-442\" data-elementor-post-type=\"page\">\n\t\t\t\t\t\t<section class=\"elementor-section elementor-top-section elementor-element elementor-element-68915db5 elementor-section-content-middle elementor-section-full_width elementor-section-height-min-height elementor-section-height-default elementor-section-items-middle\" data-id=\"68915db5\" data-element_type=\"section\" data-e-type=\"section\" data-settings=\"{&quot;background_background&quot;:&quot;classic&quot;}\">\n\t\t\t\t\t\t<div class=\"elementor-container elementor-column-gap-no\">\n\t\t\t\t\t<div class=\"elementor-column elementor-col-100 elementor-top-column elementor-element elementor-element-d0e51a9\" data-id=\"d0e51a9\" data-element_type=\"column\" data-e-type=\"column\">\n\t\t\t<div class=\"elementor-widget-wrap elementor-element-populated\">\n\t\t\t\t\t\t<div class=\"elementor-element elementor-element-3f872d8 elementor-widget elementor-widget-image\" data-id=\"3f872d8\" data-element_type=\"widget\" data-e-type=\"widget\" data-widget_type=\"image.default\">\n\t\t\t\t<div class=\"elementor-widget-container\">\n\t\t\t\t\t\t\t\t\t\t\t\t\t\t\t<img fetchpriority=\"high\" decoding=\"async\" width=\"1280\" height=\"720\" src=\"https:\/\/it-capital.com.mx\/en\/wp-content\/uploads\/2022\/01\/po.jpeg\" class=\"attachment-full size-full wp-image-1393\" alt=\"\" srcset=\"https:\/\/it-capital.com.mx\/en\/wp-content\/uploads\/2022\/01\/po.jpeg 1280w, https:\/\/it-capital.com.mx\/en\/wp-content\/uploads\/2022\/01\/po-300x169.jpeg 300w, https:\/\/it-capital.com.mx\/en\/wp-content\/uploads\/2022\/01\/po-1024x576.jpeg 1024w, https:\/\/it-capital.com.mx\/en\/wp-content\/uploads\/2022\/01\/po-768x432.jpeg 768w, https:\/\/it-capital.com.mx\/en\/wp-content\/uploads\/2022\/01\/po-1200x675.jpeg 1200w\" sizes=\"(max-width: 1280px) 100vw, 1280px\" \/>\t\t\t\t\t\t\t\t\t\t\t\t\t\t\t<\/div>\n\t\t\t\t<\/div>\n\t\t\t\t\t<\/div>\n\t\t<\/div>\n\t\t\t\t\t<\/div>\n\t\t<\/section>\n\t\t\t\t<section class=\"elementor-section elementor-top-section elementor-element elementor-element-1bc7ad8b elementor-section-content-middle elementor-section-boxed elementor-section-height-default elementor-section-height-default\" data-id=\"1bc7ad8b\" data-element_type=\"section\" data-e-type=\"section\" data-settings=\"{&quot;background_background&quot;:&quot;classic&quot;}\">\n\t\t\t\t\t\t<div class=\"elementor-container elementor-column-gap-no\">\n\t\t\t\t\t<div class=\"elementor-column elementor-col-100 elementor-top-column elementor-element elementor-element-289dc6f3\" data-id=\"289dc6f3\" data-element_type=\"column\" data-e-type=\"column\">\n\t\t\t<div class=\"elementor-widget-wrap elementor-element-populated\">\n\t\t\t\t\t\t<div class=\"elementor-element elementor-element-ea2e0b7 elementor-widget elementor-widget-text-editor\" data-id=\"ea2e0b7\" data-element_type=\"widget\" data-e-type=\"widget\" data-widget_type=\"text-editor.default\">\n\t\t\t\t<div class=\"elementor-widget-container\">\n\t\t\t\t\t\t\t\t\t<p><b>DESCRIPCI\u00d3N DEL SERVICIO<br \/><\/b><\/p><p>Financiar con recursos externos a trav\u00e9s de este esquema:\u00a0AMPLIACIONES, REMODELACIONES, PROYECTOS NUEVOS, BAJAR PASIVOS Y\/O NIVEL DE APALANCAMIENTO de las empresas industriales, Semi- industriales, Constructoras, Comercio y\/o Servicios.<\/p>\t\t\t\t\t\t\t\t<\/div>\n\t\t\t\t<\/div>\n\t\t\t\t<div class=\"elementor-element elementor-element-71acf041 elementor-widget elementor-widget-toggle\" data-id=\"71acf041\" data-element_type=\"widget\" data-e-type=\"widget\" data-widget_type=\"toggle.default\">\n\t\t\t\t<div class=\"elementor-widget-container\">\n\t\t\t\t\t\t\t<div class=\"elementor-toggle\">\n\t\t\t\t\t\t\t<div class=\"elementor-toggle-item\">\n\t\t\t\t\t<div id=\"elementor-tab-title-1901\" class=\"elementor-tab-title\" data-tab=\"1\" role=\"button\" aria-controls=\"elementor-tab-content-1901\" aria-expanded=\"false\">\n\t\t\t\t\t\t\t\t\t\t\t\t<span class=\"elementor-toggle-icon elementor-toggle-icon-right\" aria-hidden=\"true\">\n\t\t\t\t\t\t\t\t\t\t\t\t\t\t\t<span class=\"elementor-toggle-icon-closed\"><i class=\"fas fa-caret-right\"><\/i><\/span>\n\t\t\t\t\t\t\t\t<span class=\"elementor-toggle-icon-opened\"><i class=\"elementor-toggle-icon-opened fas fa-caret-up\"><\/i><\/span>\n\t\t\t\t\t\t\t\t\t\t\t\t\t<\/span>\n\t\t\t\t\t\t\t\t\t\t\t\t<a class=\"elementor-toggle-title\" tabindex=\"0\">INVERSI\u00d3N DE CAPITAL<\/a>\n\t\t\t\t\t<\/div>\n\n\t\t\t\t\t<div id=\"elementor-tab-content-1901\" class=\"elementor-tab-content elementor-clearfix\" data-tab=\"1\" role=\"region\" aria-labelledby=\"elementor-tab-title-1901\"><p><strong>1.-INTRODUCCI\u00d3N<\/strong><\/p><p>El capital de inversi\u00f3n de los grupos inversores privados que representa IT Capital puede servir como una herramienta de desarrollo empresarial, apoyando a los emprendedores start-up y las empresas en fase de crecimiento concentr\u00e1ndose en el elemento de riesgo atado a este tipo de inversi\u00f3n, funcionando IT Capital como un catal\u00edtico de financiamiento emprendedor en los pa\u00edses latinoamericanos y caribe\u00f1os con sectores financieros menos desarrollados, en donde el capital tiene un papel clave en facilitar el desarrollo para las medianas y grandes empresas (ME) que est\u00e1n dispuestas a vender una participaci\u00f2n de su negocio, estimulando una cultura emprendedora, creando trabajos y mejorando el gobierno corporativo y los est\u00e1ndares de contabilidad de las empresas para estos fines. La asesor\u00eda de IT Capital permite el conocimiento financiero de las medianas y grandes empresas necesario para el aceso a este tipo de inversiones.<\/p><p><strong>2.-PROMOVIENDO UN CONJUNTO DE OTRAS ACCIONES COMO:<\/strong><\/p><p>-Apoyo a los Emprendedores.<\/p><p>-Mejoras en el \u00e1mbito legal y regulatorio.<\/p><p>-Mejoras en el clima de negocios.<\/p><p>-Desarrollo de mercado de capitales, entre muchas otras ventajas vendiendo una participaci\u00f3n accionara de la empresa a terceros.<\/p><p><strong>3.-ANALISIS PARA DISTRIBUCI\u00d3N Y COMPRA DE ACCIONES<\/strong><\/p><p>Tipos de Operaciones de Capital<\/p><p>Dentro de la actividad del Capital de Inversi\u00f3n o private equity podemos encontrar diferentes tipos de operaciones:<\/p><p>-Management Buy-Out (MBO): Consiste en la adquisici\u00f3n de una sociedad, o de parte de ella o de sus activos por un grupo de directivos que trabaja en la misma apoyados por una empresa de Capital de inversi\u00f3n.<\/p><p>-Management Buy-in (MBI): Consiste en la adquisici\u00f3n de una sociedad en la que el control de esta es obtenido por un personal de direcci\u00f3n externo a la misma apoyados por una empresa de capital inversi\u00f3n.<\/p><p>-Management Buy-in Management Buy-Out (BIMBO): Consiste en la adquisici\u00f3n de una sociedad en la que el control de esta es obtenido por la combinaci\u00f3n de un equipo de directivos que trabaja en la misma junto con el apoyo de directivos externos.<\/p><p><strong>4.-ESTRUCTURA DE OPERACIONES MBO\/MBI\/BIMBO<\/strong><\/p><p>El general de los MBOs se articulan a trav\u00e9s de una sociedad instrumental creada ad hoc (NEWCO), los accionistas de la cual suelen ser el equipo de direcci\u00f3n y la entidad de capital riesgo. En general la NEWCO recibe un pr\u00e9stamo de las entidades financieras que se distinga junto con los recurso propios inyectados por los accionistas a pagar el precio de adquisici\u00f3n de las acciones de la sociedad objeto de la compra. El pr\u00e9stamo de adquisici\u00f3n se garantiza inicialmente con una prenda sobre las acciones compradas ya que el otorgamiento de garant\u00edas sobre los activos de la sociedad objeto de la compra supondr\u00eda una infracci\u00f3n de las normas que proh\u00edben el otorgamiento de asistencia financiera por una sociedad para la adquisici\u00f3n de sus propias acciones.<\/p><\/div>\n\t\t\t\t<\/div>\n\t\t\t\t\t\t\t<div class=\"elementor-toggle-item\">\n\t\t\t\t\t<div id=\"elementor-tab-title-1902\" class=\"elementor-tab-title\" data-tab=\"2\" role=\"button\" aria-controls=\"elementor-tab-content-1902\" aria-expanded=\"false\">\n\t\t\t\t\t\t\t\t\t\t\t\t<span class=\"elementor-toggle-icon elementor-toggle-icon-right\" aria-hidden=\"true\">\n\t\t\t\t\t\t\t\t\t\t\t\t\t\t\t<span class=\"elementor-toggle-icon-closed\"><i class=\"fas fa-caret-right\"><\/i><\/span>\n\t\t\t\t\t\t\t\t<span class=\"elementor-toggle-icon-opened\"><i class=\"elementor-toggle-icon-opened fas fa-caret-up\"><\/i><\/span>\n\t\t\t\t\t\t\t\t\t\t\t\t\t<\/span>\n\t\t\t\t\t\t\t\t\t\t\t\t<a class=\"elementor-toggle-title\" tabindex=\"0\">COMPRA VENTA CORPORATIVA<\/a>\n\t\t\t\t\t<\/div>\n\n\t\t\t\t\t<div id=\"elementor-tab-content-1902\" class=\"elementor-tab-content elementor-clearfix\" data-tab=\"2\" role=\"region\" aria-labelledby=\"elementor-tab-title-1902\"><p><strong>INTRODUCCI\u00d3N COMPRA-VENTA CORPORATIVA<\/strong><\/p><p>IT Capital participar\u00e1 como valuador de sus activos con el objeto de proponer y cerrar la venta de su \u00a8Unidad Industrial\u00a8 o \u00a8Unidad de negocios\u00a8 a un corporativo que usted se\u00f1ale o que busque a trav\u00e9s nuestro, aportando toda su experiencia y profesionalismo relacionado a este tipo de operaciones de Compra-Venta.<\/p><\/div>\n\t\t\t\t<\/div>\n\t\t\t\t\t\t\t<div class=\"elementor-toggle-item\">\n\t\t\t\t\t<div id=\"elementor-tab-title-1903\" class=\"elementor-tab-title\" data-tab=\"3\" role=\"button\" aria-controls=\"elementor-tab-content-1903\" aria-expanded=\"false\">\n\t\t\t\t\t\t\t\t\t\t\t\t<span class=\"elementor-toggle-icon elementor-toggle-icon-right\" aria-hidden=\"true\">\n\t\t\t\t\t\t\t\t\t\t\t\t\t\t\t<span class=\"elementor-toggle-icon-closed\"><i class=\"fas fa-caret-right\"><\/i><\/span>\n\t\t\t\t\t\t\t\t<span class=\"elementor-toggle-icon-opened\"><i class=\"elementor-toggle-icon-opened fas fa-caret-up\"><\/i><\/span>\n\t\t\t\t\t\t\t\t\t\t\t\t\t<\/span>\n\t\t\t\t\t\t\t\t\t\t\t\t<a class=\"elementor-toggle-title\" tabindex=\"0\">PR\u00c9STAMO<\/a>\n\t\t\t\t\t<\/div>\n\n\t\t\t\t\t<div id=\"elementor-tab-content-1903\" class=\"elementor-tab-content elementor-clearfix\" data-tab=\"3\" role=\"region\" aria-labelledby=\"elementor-tab-title-1903\"><p><strong>INTRODUCCI\u00d3N<\/strong><\/p><p>Ya sea que usted necesite un financiamiento a corto plazo para respaldar activos actuales o un financiamiento a largo plazo para adquirir maquinaria, equipos o refinanciamiento, adquirir o construir nuevas instalaciones o abastecer contratos con otros corporativos relacionados a su actividad comercial, IT Capital puede ayudarlo a desarrollar un plan de estructura de Pr\u00e9stamo Estructurado que se ajuste a sus necesidades especificas sobre garant\u00edas en el mismo proyecto para su idea de Expansi\u00f3n, restructuraci\u00f3n o remodelaci\u00f3n permitiendo la intervenci\u00f3n de financieras especializadas para el correcto an\u00e1lisis de su \u00a8Unidad de negocio\u00a8 o \u00a8Proyecto\u00a8 que le permita acceder a los recursos suficientes en condiciones internacionales.<\/p><p><strong>1.- TIPOS Y DESCRIPCI\u00d3N DEL SERVICIO DE PR\u00c9STAMO<\/strong><\/p><p>-Financiamiento para renovaci\u00f3n y\/o expansi\u00f3n de una empresa corporativa.<\/p><p>-Pr\u00e9stamos de Capital de Trabajo para proyectos definidos Nacionales o de Exportaci\u00f3n.<\/p><p>-Pr\u00e9stamos a plazos para equipos, veh\u00edculos, maquinaria o bienes ra\u00edces (Incluye compras apalancadas de otras empresas o unidades de negocio, franquicias y bienes y ra\u00edces especializados como deportivos, edificios corporativos o edificios y construcciones comerciales.<\/p><p>-Carta de Cr\u00e9dito para exportadores.<\/p><p>-L\u00edneas de Cr\u00e9dito basadas en los activos.<\/p><p>-Servicio de factorizaci\u00f3n disponible.<\/p><p>-Compra como importador de maquinaria y equipamiento general y especializado.<\/p><p>-Desarrollo y ejecuci\u00f3n de proyectos especializados.<\/p><\/div>\n\t\t\t\t<\/div>\n\t\t\t\t\t\t\t<div class=\"elementor-toggle-item\">\n\t\t\t\t\t<div id=\"elementor-tab-title-1904\" class=\"elementor-tab-title\" data-tab=\"4\" role=\"button\" aria-controls=\"elementor-tab-content-1904\" aria-expanded=\"false\">\n\t\t\t\t\t\t\t\t\t\t\t\t<span class=\"elementor-toggle-icon elementor-toggle-icon-right\" aria-hidden=\"true\">\n\t\t\t\t\t\t\t\t\t\t\t\t\t\t\t<span class=\"elementor-toggle-icon-closed\"><i class=\"fas fa-caret-right\"><\/i><\/span>\n\t\t\t\t\t\t\t\t<span class=\"elementor-toggle-icon-opened\"><i class=\"elementor-toggle-icon-opened fas fa-caret-up\"><\/i><\/span>\n\t\t\t\t\t\t\t\t\t\t\t\t\t<\/span>\n\t\t\t\t\t\t\t\t\t\t\t\t<a class=\"elementor-toggle-title\" tabindex=\"0\">JOINT VENTURE<\/a>\n\t\t\t\t\t<\/div>\n\n\t\t\t\t\t<div id=\"elementor-tab-content-1904\" class=\"elementor-tab-content elementor-clearfix\" data-tab=\"4\" role=\"region\" aria-labelledby=\"elementor-tab-title-1904\"><p><strong>1.-INTRODUCCI\u00d3N DEL JOINT VENTURE<\/strong><\/p><p>La inserci\u00f3n a nuevos mercados o aumentar el grado de satisfacci\u00f3n a su mercado activo, requiere de una gran inversi\u00f3n de recursos de desarrollo tecnol\u00f3gico, financieros, f\u00edsicos y de talento humano, por parte del vendedor.<\/p><p>Es por eso que se conocen varias t\u00e9cnicas de modalidad asociativa empresarial, que permiten amortiguar un poco el esfuerzo necesario para lograr el objetivo que se quiere; como es el caso del \u00a8Joint Venture\u00a8, que son una modalidad de instrumentos para capitalizar la empresa y los proyectos de la misma vendiendo una participaci\u00f3n al grupo inversor y utilizando su experiencia para favorecer los nuevos objetivos comunes.<\/p><p><strong>2.-DESCRIPCI\u00d3N DEL SERVICIO<\/strong><\/p><p>El Joint Venture es definido como el Contrato por el cual un conjunto de sujetos de derecho sean Personas Morales o Fiduciarias realizan aportaciones de las m\u00e1s diversas especies, que no implicar\u00e1n la p\u00e9rdida de la identidad e individualidad como persona jur\u00eddica o empresa, para la realizaci\u00f3n de un negocio com\u00fan, pudiendo ser \u00e9ste desde la creaci\u00f3n de bienes hasta la prestaci\u00f3n de servicios, que se desarrollar\u00e1 durante un lapso de tiempo limitado, con la finalidad de obtener beneficios econ\u00f3micos. Un contrato de Joint Venture t\u00edpicamente incluye un acuerdo entre dos o m\u00e1s partes o compa\u00f1\u00edas (Socios) para contribuir con recursos a un negocio com\u00fan. Estos recursos pueden ser materia prima, capital, tecnolog\u00eda, conocimiento del mercado, ventas y canales de distribuci\u00f3n, personal, financiamiento o productos. Los socios en un Joint Venture normalmente siguen operando sus negocios o empresas de manera independiente a la nueva empresa com\u00fan o Joint Venture, lo cual es una de las razones primordiales por las que este tipo de Sociedad, si se pudiera llamar as\u00ed, ha tenido mayor \u00e9xito sobre los mergers o acquisitions, en los \u00faltimos a\u00f1os para lo cual IT Capital lo apoyar\u00e1 apoyando estas asociaciones con su cartera de clientes y proveedores.<\/p><\/div>\n\t\t\t\t<\/div>\n\t\t\t\t\t\t\t\t<\/div>\n\t\t\t\t\t\t<\/div>\n\t\t\t\t<\/div>\n\t\t\t\t\t<\/div>\n\t\t<\/div>\n\t\t\t\t\t<\/div>\n\t\t<\/section>\n\t\t\t\t<section class=\"elementor-section elementor-top-section elementor-element elementor-element-60087f5 elementor-section-content-middle elementor-section-full_width elementor-section-height-min-height elementor-section-height-default elementor-section-items-middle\" data-id=\"60087f5\" data-element_type=\"section\" data-e-type=\"section\" data-settings=\"{&quot;background_background&quot;:&quot;classic&quot;}\">\n\t\t\t\t\t\t<div class=\"elementor-container elementor-column-gap-no\">\n\t\t\t\t\t<div class=\"elementor-column elementor-col-20 elementor-top-column elementor-element elementor-element-e835b9c\" data-id=\"e835b9c\" data-element_type=\"column\" data-e-type=\"column\">\n\t\t\t<div class=\"elementor-widget-wrap elementor-element-populated\">\n\t\t\t\t\t\t<div class=\"elementor-element elementor-element-9d134a2 elementor-widget elementor-widget-image\" data-id=\"9d134a2\" data-element_type=\"widget\" data-e-type=\"widget\" data-widget_type=\"image.default\">\n\t\t\t\t<div class=\"elementor-widget-container\">\n\t\t\t\t\t\t\t\t\t\t\t\t\t\t\t\t<a href=\"https:\/\/it-capital.com.mx\/en\/factoraje\/\">\n\t\t\t\t\t\t\t<img decoding=\"async\" width=\"600\" height=\"400\" src=\"https:\/\/it-capital.com.mx\/en\/wp-content\/uploads\/2021\/01\/factoring_purple.jpg\" class=\"attachment-full size-full wp-image-1239\" alt=\"\" srcset=\"https:\/\/it-capital.com.mx\/en\/wp-content\/uploads\/2021\/01\/factoring_purple.jpg 600w, https:\/\/it-capital.com.mx\/en\/wp-content\/uploads\/2021\/01\/factoring_purple-300x200.jpg 300w\" sizes=\"(max-width: 600px) 100vw, 600px\" \/>\t\t\t\t\t\t\t\t<\/a>\n\t\t\t\t\t\t\t\t\t\t\t\t\t\t\t<\/div>\n\t\t\t\t<\/div>\n\t\t\t\t\t<\/div>\n\t\t<\/div>\n\t\t\t\t<div class=\"elementor-column elementor-col-20 elementor-top-column elementor-element elementor-element-23c65ea\" data-id=\"23c65ea\" data-element_type=\"column\" data-e-type=\"column\">\n\t\t\t<div class=\"elementor-widget-wrap elementor-element-populated\">\n\t\t\t\t\t\t<div class=\"elementor-element elementor-element-aa70662 elementor-widget elementor-widget-image\" data-id=\"aa70662\" data-element_type=\"widget\" data-e-type=\"widget\" data-widget_type=\"image.default\">\n\t\t\t\t<div class=\"elementor-widget-container\">\n\t\t\t\t\t\t\t\t\t\t\t\t\t\t\t\t<a href=\"https:\/\/it-capital.com.mx\/en\/adelanto-contratos\/\">\n\t\t\t\t\t\t\t<img decoding=\"async\" width=\"600\" height=\"400\" src=\"https:\/\/it-capital.com.mx\/en\/wp-content\/uploads\/2021\/01\/factoring_green.jpg\" class=\"attachment-full size-full wp-image-1238\" alt=\"\" srcset=\"https:\/\/it-capital.com.mx\/en\/wp-content\/uploads\/2021\/01\/factoring_green.jpg 600w, https:\/\/it-capital.com.mx\/en\/wp-content\/uploads\/2021\/01\/factoring_green-300x200.jpg 300w\" sizes=\"(max-width: 600px) 100vw, 600px\" \/>\t\t\t\t\t\t\t\t<\/a>\n\t\t\t\t\t\t\t\t\t\t\t\t\t\t\t<\/div>\n\t\t\t\t<\/div>\n\t\t\t\t\t<\/div>\n\t\t<\/div>\n\t\t\t\t<div class=\"elementor-column elementor-col-20 elementor-top-column elementor-element elementor-element-684a57c\" data-id=\"684a57c\" data-element_type=\"column\" data-e-type=\"column\">\n\t\t\t<div class=\"elementor-widget-wrap elementor-element-populated\">\n\t\t\t\t\t\t<div class=\"elementor-element elementor-element-44f5a70 elementor-widget elementor-widget-image\" data-id=\"44f5a70\" data-element_type=\"widget\" data-e-type=\"widget\" data-widget_type=\"image.default\">\n\t\t\t\t<div class=\"elementor-widget-container\">\n\t\t\t\t\t\t\t\t\t\t\t\t\t\t\t\t<a href=\"https:\/\/it-capital.com.mx\/en\/arrendamiento-leasing\/\">\n\t\t\t\t\t\t\t<img loading=\"lazy\" decoding=\"async\" width=\"600\" height=\"400\" src=\"https:\/\/it-capital.com.mx\/en\/wp-content\/uploads\/2021\/01\/leasing_yellow.jpg\" class=\"attachment-full size-full wp-image-1241\" alt=\"\" srcset=\"https:\/\/it-capital.com.mx\/en\/wp-content\/uploads\/2021\/01\/leasing_yellow.jpg 600w, https:\/\/it-capital.com.mx\/en\/wp-content\/uploads\/2021\/01\/leasing_yellow-300x200.jpg 300w\" sizes=\"(max-width: 600px) 100vw, 600px\" \/>\t\t\t\t\t\t\t\t<\/a>\n\t\t\t\t\t\t\t\t\t\t\t\t\t\t\t<\/div>\n\t\t\t\t<\/div>\n\t\t\t\t\t<\/div>\n\t\t<\/div>\n\t\t\t\t<div class=\"elementor-column elementor-col-20 elementor-top-column elementor-element elementor-element-2263ee1\" data-id=\"2263ee1\" data-element_type=\"column\" data-e-type=\"column\">\n\t\t\t<div class=\"elementor-widget-wrap elementor-element-populated\">\n\t\t\t\t\t\t<div class=\"elementor-element elementor-element-604a2c0 elementor-widget elementor-widget-image\" data-id=\"604a2c0\" data-element_type=\"widget\" data-e-type=\"widget\" data-widget_type=\"image.default\">\n\t\t\t\t<div class=\"elementor-widget-container\">\n\t\t\t\t\t\t\t\t\t\t\t\t\t\t\t\t<a href=\"https:\/\/it-capital.com.mx\/en\/arrendamiento-leasing\/\">\n\t\t\t\t\t\t\t<img loading=\"lazy\" decoding=\"async\" width=\"600\" height=\"400\" src=\"https:\/\/it-capital.com.mx\/en\/wp-content\/uploads\/2021\/01\/sale_blue.jpg\" class=\"attachment-full size-full wp-image-1242\" alt=\"\" srcset=\"https:\/\/it-capital.com.mx\/en\/wp-content\/uploads\/2021\/01\/sale_blue.jpg 600w, https:\/\/it-capital.com.mx\/en\/wp-content\/uploads\/2021\/01\/sale_blue-300x200.jpg 300w\" sizes=\"(max-width: 600px) 100vw, 600px\" \/>\t\t\t\t\t\t\t\t<\/a>\n\t\t\t\t\t\t\t\t\t\t\t\t\t\t\t<\/div>\n\t\t\t\t<\/div>\n\t\t\t\t\t<\/div>\n\t\t<\/div>\n\t\t\t\t<div class=\"elementor-column elementor-col-20 elementor-top-column elementor-element elementor-element-f1613f6\" data-id=\"f1613f6\" data-element_type=\"column\" data-e-type=\"column\">\n\t\t\t<div class=\"elementor-widget-wrap elementor-element-populated\">\n\t\t\t\t\t\t<div class=\"elementor-element elementor-element-cf9f06b elementor-widget elementor-widget-image\" data-id=\"cf9f06b\" data-element_type=\"widget\" data-e-type=\"widget\" data-widget_type=\"image.default\">\n\t\t\t\t<div class=\"elementor-widget-container\">\n\t\t\t\t\t\t\t\t\t\t\t\t\t\t\t\t<a href=\"https:\/\/it-capital.com.mx\/en\/financiamiento\/\">\n\t\t\t\t\t\t\t<img loading=\"lazy\" decoding=\"async\" width=\"600\" height=\"400\" src=\"https:\/\/it-capital.com.mx\/en\/wp-content\/uploads\/2021\/01\/financing_gray.jpg\" class=\"attachment-full size-full wp-image-1240\" alt=\"\" srcset=\"https:\/\/it-capital.com.mx\/en\/wp-content\/uploads\/2021\/01\/financing_gray.jpg 600w, https:\/\/it-capital.com.mx\/en\/wp-content\/uploads\/2021\/01\/financing_gray-300x200.jpg 300w\" sizes=\"(max-width: 600px) 100vw, 600px\" \/>\t\t\t\t\t\t\t\t<\/a>\n\t\t\t\t\t\t\t\t\t\t\t\t\t\t\t<\/div>\n\t\t\t\t<\/div>\n\t\t\t\t\t<\/div>\n\t\t<\/div>\n\t\t\t\t\t<\/div>\n\t\t<\/section>\n\t\t\t\t<\/div>\n\t\t","protected":false},"excerpt":{"rendered":"<p>DESCRIPCI\u00d3N DEL SERVICIO Financiar con recursos externos a trav\u00e9s de este esquema:\u00a0AMPLIACIONES, REMODELACIONES, PROYECTOS NUEVOS, BAJAR PASIVOS Y\/O NIVEL DE APALANCAMIENTO de las empresas industriales, Semi- industriales, Constructoras, Comercio y\/o Servicios. INVERSI\u00d3N DE CAPITAL 1.-INTRODUCCI\u00d3N El capital de inversi\u00f3n de los grupos inversores privados que representa IT Capital puede servir como una herramienta de desarrollo [&hellip;]<\/p>\n","protected":false},"author":6,"featured_media":0,"parent":0,"menu_order":0,"comment_status":"closed","ping_status":"closed","template":"elementor_header_footer","meta":{"footnotes":""},"class_list":["post-442","page","type-page","status-publish","hentry"],"_links":{"self":[{"href":"https:\/\/it-capital.com.mx\/en\/wp-json\/wp\/v2\/pages\/442","targetHints":{"allow":["GET"]}}],"collection":[{"href":"https:\/\/it-capital.com.mx\/en\/wp-json\/wp\/v2\/pages"}],"about":[{"href":"https:\/\/it-capital.com.mx\/en\/wp-json\/wp\/v2\/types\/page"}],"author":[{"embeddable":true,"href":"https:\/\/it-capital.com.mx\/en\/wp-json\/wp\/v2\/users\/6"}],"replies":[{"embeddable":true,"href":"https:\/\/it-capital.com.mx\/en\/wp-json\/wp\/v2\/comments?post=442"}],"version-history":[{"count":5,"href":"https:\/\/it-capital.com.mx\/en\/wp-json\/wp\/v2\/pages\/442\/revisions"}],"predecessor-version":[{"id":1411,"href":"https:\/\/it-capital.com.mx\/en\/wp-json\/wp\/v2\/pages\/442\/revisions\/1411"}],"wp:attachment":[{"href":"https:\/\/it-capital.com.mx\/en\/wp-json\/wp\/v2\/media?parent=442"}],"curies":[{"name":"wp","href":"https:\/\/api.w.org\/{rel}","templated":true}]}}